{"id":23502,"date":"2026-02-03T09:08:56","date_gmt":"2026-02-03T08:08:56","guid":{"rendered":"https:\/\/ssp10.pl\/strona\/?page_id=23502"},"modified":"2026-02-03T09:11:45","modified_gmt":"2026-02-03T08:11:45","slug":"xix-zawody-w-plywaniu-niepublicznych-szkol-podstawowych-o-puchar-dyrektora-ssp10-o-zasiegu-wojewodzkim-25-02-2026","status":"publish","type":"page","link":"https:\/\/ssp10.pl\/strona\/xix-zawody-w-plywaniu-niepublicznych-szkol-podstawowych-o-puchar-dyrektora-ssp10-o-zasiegu-wojewodzkim-25-02-2026\/","title":{"rendered":"XIX Zawody w P\u0142ywaniu Niepublicznych Szk\u00f3\u0142 Podstawowych o Puchar Dyrektora SSP10 o zasi\u0119gu wojew\u00f3dzkim 25.02.2026"},"content":{"rendered":"<a href=\"https:\/\/ssp10.pl\/strona\/wp-content\/uploads\/2026\/02\/XIX-Zawody-w-Plywaniu-Niepublicznych-Szkol-Podstawowych-o-Puchar-Dyrektora-SSP-10.pdf\" class=\"pdfemb-viewer\" style=\"\" data-width=\"max\" data-height=\"max\" data-toolbar=\"both\" data-toolbar-fixed=\"on\">XIX Zawody w P\u0142ywaniu Niepublicznych Szk\u00f3\u0142 Podstawowych o Puchar Dyrektora SSP 10<\/a>\n<h3 style=\"text-align: center;\"><strong><a href=\"https:\/\/1027pl-my.sharepoint.com\/:u:\/g\/personal\/cezary_wilk_1027_pl\/IQA4H0uoC22PS7p4U30az0XNAXgZ3ku5kuMLnferTEhP4bU?e=1geU9x\">Program do otwierania zaproszenia entry edytor<\/a><\/strong><\/h3>\n<h3 style=\"text-align: center;\"><strong><a href=\"https:\/\/1027pl-my.sharepoint.com\/:u:\/g\/personal\/cezary_wilk_1027_pl\/IQAQeUQTpDZAR7P2LuiEIcT_AQ95_u4ScBrXzXxxy4ZDRMc?e=MWdaWQ\">Zaproszenie do rejestrowania zawodnik\u00f3w<\/a><\/strong><\/h3>\n","protected":false},"excerpt":{"rendered":"<p>Program do otwierania zaproszenia entry edytor Zaproszenie do rejestrowania zawodnik\u00f3w<\/p>\n","protected":false},"author":4,"featured_media":0,"parent":0,"menu_order":0,"comment_status":"closed","ping_status":"closed","template":"","meta":[],"_links":{"self":[{"href":"https:\/\/ssp10.pl\/strona\/wp-json\/wp\/v2\/pages\/23502"}],"collection":[{"href":"https:\/\/ssp10.pl\/strona\/wp-json\/wp\/v2\/pages"}],"about":[{"href":"https:\/\/ssp10.pl\/strona\/wp-json\/wp\/v2\/types\/page"}],"author":[{"embeddable":true,"href":"https:\/\/ssp10.pl\/strona\/wp-json\/wp\/v2\/users\/4"}],"replies":[{"embeddable":true,"href":"https:\/\/ssp10.pl\/strona\/wp-json\/wp\/v2\/comments?post=23502"}],"version-history":[{"count":2,"href":"https:\/\/ssp10.pl\/strona\/wp-json\/wp\/v2\/pages\/23502\/revisions"}],"predecessor-version":[{"id":23505,"href":"https:\/\/ssp10.pl\/strona\/wp-json\/wp\/v2\/pages\/23502\/revisions\/23505"}],"wp:attachment":[{"href":"https:\/\/ssp10.pl\/strona\/wp-json\/wp\/v2\/media?parent=23502"}],"curies":[{"name":"wp","href":"https:\/\/api.w.org\/{rel}","templated":true}]}}