{"id":22360,"date":"2024-05-07T08:59:38","date_gmt":"2024-05-07T06:59:38","guid":{"rendered":"https:\/\/ssp10.pl\/strona\/?page_id=22360"},"modified":"2024-05-07T08:59:38","modified_gmt":"2024-05-07T06:59:38","slug":"darowizna-dla-szkoly","status":"publish","type":"page","link":"https:\/\/ssp10.pl\/strona\/darowizna-dla-szkoly\/","title":{"rendered":"Darowizna dla Szko\u0142y"},"content":{"rendered":"\n<p><strong>Darowizna dla szko\u0142y &#8211; pom\u00f3\u017c nam rozwija\u0107 szko\u0142\u0119 jeszcze lepiej!<\/strong><\/p>\n\n\n\n<p>Szanowni Pa\u0144stwo, Przyjaciele szko\u0142y,<\/p>\n\n\n\n<p>nasza szko\u0142a prowadzona jest przez stowarzyszenie (Samodzielne Ko\u0142o Terenowe nr 162 Spo\u0142ecznego Towarzystwa O\u015bwiatowego), kt\u00f3re jest organizacj\u0105 po\u017cytku publicznego. Stowarzyszenie b\u0119d\u0105ce organem prowadz\u0105cym szko\u0142\u0119, dzia\u0142a non-profit, nie prowadzi dzia\u0142alno\u015bci gospodarczej, a osoby dzia\u0142aj\u0105ce w stowarzyszeniu pe\u0142ni\u0105 swe funkcje spo\u0142ecznie. Szko\u0142a finansowana jest z czesnego, subwencji o\u015bwiatowej, darowizn i 1,5% podatku.<\/p>\n\n\n\n<p>Przed nami ogromne wyzwanie czyli wyposa\u017cenie nowego pi\u0119tra oraz wymiana komputer\u00f3w w sali informatycznej. Chcemy to zrobi\u0107 jak najszybciej, ale potrzebujemy wsparcia. Z tego powodu zach\u0119camy wszystkich Przyjaci\u00f3\u0142 szko\u0142y do dokonywania dobrowolnych darowizn na cele statutowe stowarzyszenia.<\/p>\n\n\n\n<p>Wp\u0142at mo\u017cna dokonywa\u0107 na rachunek SKT nr 162 STO: 82 1750 0009 0000 0000 0097 1917, tytu\u0142em: darowizna na cele statutowe &#8211; cele po\u017cytku publicznego.<\/p>\n\n\n\n<p>Wp\u0142acone \u015brodki zostan\u0105 przeznaczone w pierwszej kolejno\u015bci na dofinansowanie zakupu komputer\u00f3w do sali informatycznej oraz zakup wyposa\u017cenia nowego pi\u0119tra (4 sale lekcyjne i strefa relaksu).<\/p>\n\n\n\n<p>Jednocze\u015bnie przekazujemy og\u00f3lnodost\u0119pn\u0105 informacj\u0119 o mo\u017cliwo\u015bci odliczania darowizny od dochodu, z zastrze\u017ceniem, \u017ce nie jest to opinia prawna ani doradztwo podatkowe.<\/p>\n\n\n\n<p><strong>Darowizny od os\u00f3b fizycznych<\/strong><\/p>\n\n\n\n<p>Zgodnie z przepisami ustawy o podatku od os\u00f3b fizycznych (art. 26 ust. 1 pkt 9) dotycz\u0105cymi mo\u017cliwo\u015bci odliczenia darowizny od podatku dochodowego, od podstawy opodatkowania mo\u017cna odliczy\u0107 darowizny przekazane na cele zawieraj\u0105ce si\u0119 w sferze zada\u0144 publicznych (okre\u015blone w art. 4 ustawy z dnia 24 kwietnia 2003 r. o dzia\u0142alno\u015bci po\u017cytku publicznego i wolontariacie), przekazane organizacjom (m.in. stowarzyszeniom i fundacjom), o kt\u00f3rych mowa w art. 3 ust. 2 i 3 tej ustawy, prowadz\u0105cym dzia\u0142alno\u015b\u0107 po\u017cytku publicznego w sferze zada\u0144 publicznych (niekoniecznie posiadaj\u0105cym status organizacji po\u017cytku publicznego) okre\u015blonych w tej ustawie.<\/p>\n\n\n\n<p>Od podstawy opodatkowania mo\u017cna odliczy\u0107 darowizny w kwocie nie wy\u017cszej ni\u017c 6% uzyskanego dochodu.<\/p>\n\n\n\n<p><a href=\"https:\/\/www.podatki.gov.pl\/pit\/ulgi-odliczenia-i-zwolnienia\/darowizny-na-dzialalnosc-pozytku-publicznego\/\" target=\"_blank\" rel=\"noreferrer noopener\">Informacje na temat darowizny na stronie podatki.gov.pl<\/a><\/p>\n\n\n\n<p>Z powa\u017caniem<\/p>\n\n\n\n<p>Zarz\u0105d SKT nr 162 STO<\/p>\n","protected":false},"excerpt":{"rendered":"<p>Darowizna dla szko\u0142y &#8211; pom\u00f3\u017c nam rozwija\u0107 szko\u0142\u0119 jeszcze lepiej! Szanowni Pa\u0144stwo, Przyjaciele szko\u0142y, nasza szko\u0142a prowadzona jest przez stowarzyszenie (Samodzielne Ko\u0142o Terenowe nr 162 Spo\u0142ecznego Towarzystwa O\u015bwiatowego), kt\u00f3re jest&#8230;<\/p>\n","protected":false},"author":1,"featured_media":0,"parent":0,"menu_order":0,"comment_status":"closed","ping_status":"closed","template":"","meta":[],"_links":{"self":[{"href":"https:\/\/ssp10.pl\/strona\/wp-json\/wp\/v2\/pages\/22360"}],"collection":[{"href":"https:\/\/ssp10.pl\/strona\/wp-json\/wp\/v2\/pages"}],"about":[{"href":"https:\/\/ssp10.pl\/strona\/wp-json\/wp\/v2\/types\/page"}],"author":[{"embeddable":true,"href":"https:\/\/ssp10.pl\/strona\/wp-json\/wp\/v2\/users\/1"}],"replies":[{"embeddable":true,"href":"https:\/\/ssp10.pl\/strona\/wp-json\/wp\/v2\/comments?post=22360"}],"version-history":[{"count":1,"href":"https:\/\/ssp10.pl\/strona\/wp-json\/wp\/v2\/pages\/22360\/revisions"}],"predecessor-version":[{"id":22361,"href":"https:\/\/ssp10.pl\/strona\/wp-json\/wp\/v2\/pages\/22360\/revisions\/22361"}],"wp:attachment":[{"href":"https:\/\/ssp10.pl\/strona\/wp-json\/wp\/v2\/media?parent=22360"}],"curies":[{"name":"wp","href":"https:\/\/api.w.org\/{rel}","templated":true}]}}