{"id":20707,"date":"2023-01-20T10:39:49","date_gmt":"2023-01-20T09:39:49","guid":{"rendered":"http:\/\/ssp10.pl\/strona\/?page_id=20707"},"modified":"2025-11-19T12:57:34","modified_gmt":"2025-11-19T11:57:34","slug":"rekrutacja-do-klas-1-2025","status":"publish","type":"page","link":"https:\/\/ssp10.pl\/strona\/rekrutacja-do-klas-1-2025\/","title":{"rendered":"Rekrutacja"},"content":{"rendered":"\n<p><a href=\"https:\/\/ssp10.pl\/strona\/najmlodsi-o-naszej-szkole\/\"><strong>Nasza szko\u0142a oczami najm\u0142odszych FILM<\/strong><\/a><\/p>\n\n\n\n<p><p><a href=\"http:\/\/ssp10.pl\/strona\/wp-content\/uploads\/2025\/11\/Zasady-rekrutacji-do-kl.-1-2026-2027.pdf\">Zasady rekrutacji do klasy pierwszej<\/a><\/p>\n<p><a href=\"http:\/\/ssp10.pl\/strona\/wp-content\/uploads\/Dokumenty\/REKRUTACJA\/Zasady_rekrutacji_uzup_dla_kandyd_do_kl_1-8.pdf\" target=\"_blank\" rel=\"noreferrer noopener\">Zasady rekrutacji uzupe\u0142niaj\u0105cej do klas 1-8<\/a>&nbsp;<\/p><\/p>\n\n\n\n<p>Do pobrania w dziale <a href=\"https:\/\/ssp10.pl\/strona\/dokumenty-i-druki\/\">Dokumenty i druki<\/a>:<\/p>\n\n\n\n<ul>\n<li>Kwestionariusz kandydata do klasy 1<\/li>\n\n\n\n<li>Kwestionariusz kandydata &#8211; rekrutacja uzupe\u0142niaj\u0105ca<\/li>\n<\/ul>\n","protected":false},"excerpt":{"rendered":"<p>Nasza szko\u0142a oczami najm\u0142odszych FILM Zasady rekrutacji do klasy pierwszej Zasady rekrutacji uzupe\u0142niaj\u0105cej do klas 1-8&nbsp; Do pobrania w dziale Dokumenty i druki:<\/p>\n","protected":false},"author":1,"featured_media":0,"parent":0,"menu_order":0,"comment_status":"closed","ping_status":"closed","template":"","meta":[],"_links":{"self":[{"href":"https:\/\/ssp10.pl\/strona\/wp-json\/wp\/v2\/pages\/20707"}],"collection":[{"href":"https:\/\/ssp10.pl\/strona\/wp-json\/wp\/v2\/pages"}],"about":[{"href":"https:\/\/ssp10.pl\/strona\/wp-json\/wp\/v2\/types\/page"}],"author":[{"embeddable":true,"href":"https:\/\/ssp10.pl\/strona\/wp-json\/wp\/v2\/users\/1"}],"replies":[{"embeddable":true,"href":"https:\/\/ssp10.pl\/strona\/wp-json\/wp\/v2\/comments?post=20707"}],"version-history":[{"count":30,"href":"https:\/\/ssp10.pl\/strona\/wp-json\/wp\/v2\/pages\/20707\/revisions"}],"predecessor-version":[{"id":23447,"href":"https:\/\/ssp10.pl\/strona\/wp-json\/wp\/v2\/pages\/20707\/revisions\/23447"}],"wp:attachment":[{"href":"https:\/\/ssp10.pl\/strona\/wp-json\/wp\/v2\/media?parent=20707"}],"curies":[{"name":"wp","href":"https:\/\/api.w.org\/{rel}","templated":true}]}}