{"id":17521,"date":"2021-09-01T08:37:55","date_gmt":"2021-09-01T06:37:55","guid":{"rendered":"http:\/\/ssp10.pl\/strona\/?page_id=17521"},"modified":"2021-10-29T10:25:24","modified_gmt":"2021-10-29T08:25:24","slug":"ppp-wazne-zagadnienia","status":"publish","type":"page","link":"https:\/\/ssp10.pl\/strona\/ppp-wazne-zagadnienia\/","title":{"rendered":"PPP Porady"},"content":{"rendered":"\n<h3>Propozycje zabaw wspomagaj\u0105cych koncentracj\u0119<\/h3>\n\n\n\n<p>Drogi Rodzicu! Je\u015bli zauwa\u017cysz, \u017ce Twoje dziecko \u0142atwo si\u0119 rozprasza, jest pobudzone, nie mo\u017ce si\u0119 skupi\u0107 na wykonywanych zadaniach, wesprzyj je i zach\u0119caj do \u0107wicze\u0144, kt\u00f3re znajdziesz ni\u017cej.<\/p>\n\n\n\n<ul><li><strong>Wyraz na ostatni\u0105 liter\u0119 poprzedniego<\/strong> \u2013 podajemy dziecku wyraz, a ono musi poda\u0107 taki, kt\u00f3ry b\u0119dzie zaczyna\u0107 si\u0119 na ostatni\u0105 liter\u0119 tego wyrazu.<\/li><li><strong>Gra MEMORY<\/strong> \u2013 polega na tym, \u017ce trzeba zapami\u0119ta\u0107 pary odwr\u00f3conych obrazk\u00f3w i odnale\u017a\u0107 je. Obrazki mo\u017cna tworzy\u0107 wsp\u00f3lnie!<\/li><li><strong>Selekcjonowanie i sortowanie<\/strong> \u2013 to wszelkie zabawy, w kt\u00f3rych dziecko ma za zadanie skategoryzowa\u0107 przedmioty, a nast\u0119pnie pogrupowa\u0107 je zgodnie z funkcj\u0105\/kszta\u0142tem\/kolorem etc.<\/li><li><strong>Wsp\u00f3lne czytanie<\/strong> \u2013 czytamy z dzieckiem na zmian\u0119; w trakcie czytania dziecko \u015bledzi palcem poszczeg\u00f3lne linijki.<\/li><li><strong>Kla\u015bnij, kiedy us\u0142yszysz<\/strong> \u2013 zadaniem dziecka jest kla\u015bni\u0119cie w d\u0142onie na d\u017awi\u0119k ustalonego wcze\u015bniej s\u0142owa.<\/li><li><strong>Odtwarzanie rytmu<\/strong> \u2013 powtarzanie konkretnej kombinacji dzi\u0119k\u00f3w przy u\u017cyciu d\u0142oni, st\u00f3p oraz wszelkiego rodzaju instrument\u00f3w.<\/li><li><strong>Rysowanie na plecach<\/strong> \u2013 rodzic rysuje na plecach dziecka okre\u015blony kszta\u0142t, liter\u0119 lub cyfr\u0119. Zadaniem dziecka jest odgadni\u0119cie, co rodzic narysowa\u0142.<\/li><li><strong>Zgadnij, co si\u0119 zmieni\u0142o<\/strong> \u2013 pokazujemy dziecku przedmioty lub obrazki u\u0142o\u017cone w okre\u015blony spos\u00f3b. Dziecko przygl\u0105da si\u0119 ich uk\u0142adowi, zapami\u0119tuje je i zamyka oczy. W tym czasie rodzic wprowadza jak\u0105\u015b zmian\u0119, a dziecko odgaduje, co si\u0119 zmieni\u0142o.<\/li><li><strong>R\u00f3\u017cnice<\/strong> \u2013 zadaniem dziecka jest odnalezienie r\u00f3\u017cnic pomi\u0119dzy dwoma obrazkami.<\/li><li><strong>\u201eIdziemy na zakupy\u2026\u201d<\/strong>&#8211; wsp\u00f3lne tworzenie listy zakup\u00f3w. Rodzic mo\u017ce zapisa\u0107 je na kartce, a dziecko stara si\u0119 zapami\u0119ta\u0107 jak najwi\u0119cej produkt\u00f3w z tej listy. Podczas zakup\u00f3w w sklepie rodzic sprawdza, ile produkt\u00f3w dziecko zapami\u0119ta\u0142o.<\/li><li><strong>\u201eMucha\u201d<\/strong> \u2013 rysujemy kwadrat sk\u0142adaj\u0105cy si\u0119 z 9 p\u00f3l. Mucha rozpoczyna swoj\u0105 podr\u00f3\u017c ze \u015brodkowego pola. Nast\u0119pnie m\u00f3wimy powoli, gdzie kieruje si\u0119 mucha, a zadaniem dziecka jest uwa\u017cne \u015bledzenie jej ruchu oraz zareagowanie, kiedy wyjdzie poza jego granice.<\/li><li><strong>Puzzle, krzy\u017c\u00f3wki, \u0142amig\u0142\u00f3wki i wszelkiego rodzaju uk\u0142adanki<\/strong> \u2013 doskonale pobudzaj\u0105 my\u015blenie, wyobra\u017ani\u0119, wzbogacaj\u0105 s\u0142ownictwo, poprawiaj\u0105 koordynacj\u0119 wzrokowo-ruchow\u0105.<\/li><\/ul>\n\n\n\n<h3>Propozycje aktywno\u015bci dla dzieci z obni\u017conym poziomem graficznym<\/h3>\n\n\n\n<p>Drogi Rodzicu! Je\u015bli Twoje dziecko pisze i rysuje niestarannie, pom\u00f3\u017c mu i zach\u0119\u0107 do \u0107wicze\u0144, kt\u00f3re znajdziesz ni\u017cej. Baw si\u0119 razem z nim i ciesz wsp\u00f3lnie sp\u0119dzonymi chwilami.<\/p>\n\n\n\n<p><strong>\u0106wiczenia usprawniaj\u0105ce ca\u0142\u0105 r\u0119k\u0119 (rozlu\u017aniaj\u0105 napi\u0119cie mi\u0119\u015bni ramienia i przedramie<\/strong>nia)<\/p>\n\n\n\n<ul><li>Kr\u0105\u017cenie wyprostowanymi ramionami z boku do przodu i do ty\u0142u (ma\u0142e i du\u017ce k\u00f3\u0142ka).<\/li><li>Obroty wyprostowanych w \u0142okciach ramion z przodu do \u015brodka i na zewn\u0105trz (wielkie ko\u0142a maj\u0105 si\u0119 przecina\u0107 na linii \u015brodkowej cia\u0142a, r\u0119ce na wysoko\u015bci bark\u00f3w).<\/li><li>Kr\u0105\u017cenie ramionami z\u0142o\u017conymi w skrzyde\u0142ka (d\u0142onie na barkach) do przodu i do ty\u0142u.<\/li><li>P\u0142ywanie \u201ena sucho\u201d \u2013 wykonywanie r\u0119koma ruch\u00f3w jak przy p\u0142ywaniu motylkiem, kraulem lub \u017cabk\u0105.<\/li><li>Wymachy ramion. Faliste ruchy ramion \u2013 na\u015bladowanie lotu ptak\u00f3w.<\/li><li>Rytmiczne podnoszenie bark\u00f3w jednocze\u015bnie i na zmian\u0119.<\/li><li>Rysowanie patykiem na piasku lub kred\u0105, kredkami czy mazakami na du\u017cym arkuszu papieru. Pokrywanie du\u017cych p\u0142aszczyzn farbami, kredkami, mazakami.<\/li><\/ul>\n\n\n\n<p><strong>\u0106wiczenia manualne (usprawniaj\u0105 ma\u0142e ruchy r\u0119ki: d\u0142oni, nadgarstka i palc\u00f3w)<\/strong><\/p>\n\n\n\n<ul><li>Naprzemienne zaciskanie i prostowanie d\u0142oni (kciuki pozostaj\u0105 na zewn\u0105trz).<\/li><li>\u015aciskanie przedmiot\u00f3w o r\u00f3\u017cnej strukturze i twardo\u015bci.<\/li><li>Dociskanie do siebie z\u0142o\u017conych d\u0142oni.<\/li><li>Przyciskanie do siebie 3 palc\u00f3w: wskazuj\u0105cego, \u015brodkowego i kciuka (wzmacnianie chwytu pisarskiego).<\/li><li>Kr\u0105\u017cenia nadgarstk\u00f3w w obie strony.<\/li><li>Potrz\u0105sanie palcami.<\/li><li>Spacery palcami po stole.<\/li><li>Na\u015bladowanie gry na pianinie.<\/li><li>Konstruowanie z klock\u00f3w.<\/li><li>Nawlekanie korali, przewlekanie sznurowade\u0142, sznurk\u00f3w.<\/li><li>Malowanie palcami.<\/li><li>Lepienie z gliny, plasteliny, modeliny, masy solnej.<\/li><li>Wycinanie i wydzieranie.<\/li><li>Robienie kul z makulatury i rzucanie nimi do celu.<\/li><li>Przypinanie i zdejmowanie klips\u00f3w bieli\u017anianych np. na brzegu pude\u0142ka.<\/li><\/ul>\n\n\n\n<p><strong>\u0106wiczenia graficzne (usprawniaj\u0105 drobne ruchy r\u0119ki u\u0142o\u017conej w pozycji jak przy pisaniu)<\/strong><\/p>\n\n\n\n<ul><li>Pogrubianie kontur\u00f3w figur geometrycznych, szlaczk\u00f3w, obrazk\u00f3w.<\/li><li>Kre\u015blenie linii poziomych, pionowych, kolistych, falistych, zamkni\u0119tych i otwartych.<\/li><li>Rysowanie po \u015bladzie.<\/li><li>\u0141\u0105czenie liniami wyznaczonych punkt\u00f3w.<\/li><li>Kalkowanie rysunk\u00f3w.<\/li><li>Wype\u0142nianie kolorem kontur\u00f3w r\u00f3\u017cnych obrazk\u00f3w.<\/li><li>Pisanie szlaczk\u00f3w literopodobnych w liniaturze.<\/li><\/ul>\n","protected":false},"excerpt":{"rendered":"<p>Propozycje zabaw wspomagaj\u0105cych koncentracj\u0119 Drogi Rodzicu! Je\u015bli zauwa\u017cysz, \u017ce Twoje dziecko \u0142atwo si\u0119 rozprasza, jest pobudzone, nie mo\u017ce si\u0119 skupi\u0107 na wykonywanych zadaniach, wesprzyj je i zach\u0119caj do \u0107wicze\u0144, kt\u00f3re&#8230;<\/p>\n","protected":false},"author":1,"featured_media":0,"parent":0,"menu_order":0,"comment_status":"closed","ping_status":"closed","template":"","meta":[],"_links":{"self":[{"href":"https:\/\/ssp10.pl\/strona\/wp-json\/wp\/v2\/pages\/17521"}],"collection":[{"href":"https:\/\/ssp10.pl\/strona\/wp-json\/wp\/v2\/pages"}],"about":[{"href":"https:\/\/ssp10.pl\/strona\/wp-json\/wp\/v2\/types\/page"}],"author":[{"embeddable":true,"href":"https:\/\/ssp10.pl\/strona\/wp-json\/wp\/v2\/users\/1"}],"replies":[{"embeddable":true,"href":"https:\/\/ssp10.pl\/strona\/wp-json\/wp\/v2\/comments?post=17521"}],"version-history":[{"count":15,"href":"https:\/\/ssp10.pl\/strona\/wp-json\/wp\/v2\/pages\/17521\/revisions"}],"predecessor-version":[{"id":18497,"href":"https:\/\/ssp10.pl\/strona\/wp-json\/wp\/v2\/pages\/17521\/revisions\/18497"}],"wp:attachment":[{"href":"https:\/\/ssp10.pl\/strona\/wp-json\/wp\/v2\/media?parent=17521"}],"curies":[{"name":"wp","href":"https:\/\/api.w.org\/{rel}","templated":true}]}}