{"id":16942,"date":"2021-08-26T20:04:56","date_gmt":"2021-08-26T18:04:56","guid":{"rendered":"http:\/\/ssp10.pl\/strona\/?page_id=16942"},"modified":"2025-10-08T09:04:56","modified_gmt":"2025-10-08T07:04:56","slug":"pomoc-pp","status":"publish","type":"page","link":"https:\/\/ssp10.pl\/strona\/pomoc-pp\/","title":{"rendered":"PPP Zesp\u00f3\u0142"},"content":{"rendered":"\n<p>Zesp\u00f3\u0142 pomocy psychologiczno-pedagogicznej zajmuje si\u0119 wspieraniem uczni\u00f3w, rodzic\u00f3w i nauczycieli, zapewnia pomoc w przezwyci\u0119\u017caniu trudno\u015bci.<\/p>\n\n\n\n<p>Agnieszka Kowalczyk \u2013 psycholog (klasy 1, 3 oraz 8), terapeuta pedagogiczny (kl.5)<\/p>\n\n\n\n<p>Anna \u017bo\u0142\u0119dowska \u2013 psycholog (klasy 4, 5 oraz 7)<\/p>\n\n\n\n<p>Halina Wnuk \u2013 terapeuta pedagogiczny (kl. 6-8)<\/p>\n\n\n\n<p>Mariusz Borcz \u2013 pedagog szkolny (klasy 2 oraz 6)<\/p>\n\n\n\n<p>Sara Ludwig \u2013 nauczyciel wspomagaj\u0105cy, pedagog specjalny<\/p>\n\n\n\n<p>Karolina Wojda \u2013 nauczyciel wspomagaj\u0105cy<\/p>\n\n\n\n<p>Katarzyna Ma\u0142a\u015bnicka \u2013 nauczyciel edukacji wczesnoszkolnej, terapeuta r\u0119ki, terapeuta pedagogiczny (kl. 1-4)<\/p>\n\n\n\n<p>Agata Fija\u0142kowska \u2013 nauczyciel edukacji wczesnoszkolnej, logopeda (kl. 1-3)<\/p>\n\n\n\n<p>Szko\u0142a zapewnia opiek\u0119 logopedy uczniom klas 1-3. Zakres pomocy logopedycznej obejmuje korekcj\u0119 wad wymowy, diagnoz\u0119 i terapi\u0119 op\u00f3\u017anionego rozwoju mowy oraz rozwijanie umiej\u0119tno\u015bci j\u0119zykowych.<\/p>\n\n\n\n<p>Agnieszka Kowalczyk<\/p>\n\n\n\n<p>&nbsp;&nbsp;&nbsp; Poniedzia\u0142ek 12:00 \u2013 15:15<\/p>\n\n\n\n<p>&nbsp;&nbsp;&nbsp; Wtorek 08:30 \u2013 16:00<\/p>\n\n\n\n<p>&nbsp;&nbsp;&nbsp; Czwartek 11:30 \u2013 16:00<\/p>\n\n\n\n<p>&nbsp;&nbsp;&nbsp; Pi\u0105tek 08:30 \u2013 15:15<\/p>\n\n\n\n<p>Anna \u017bo\u0142\u0119dowska<\/p>\n\n\n\n<p>&nbsp;&nbsp;&nbsp; Poniedzia\u0142ek 10:00 \u2013 16:00<\/p>\n\n\n\n<p>&nbsp;&nbsp;&nbsp; Wtorek 09:30 \u2013 15:00<\/p>\n\n\n\n<p>&nbsp;&nbsp;&nbsp; \u015aroda 08:30 \u2013 13:30<\/p>\n\n\n\n<p>&nbsp;&nbsp;&nbsp; Pi\u0105tek 09:00 \u2013 14:00<\/p>\n\n\n\n<p>Mariusz Borcz<\/p>\n\n\n\n<p>&nbsp;&nbsp;&nbsp; Wtorek 09:00 \u2013 16:00<\/p>\n\n\n\n<p>&nbsp;&nbsp;&nbsp; \u015aroda 09:00 \u2013 14:00<\/p>\n\n\n\n<p>&nbsp;&nbsp;&nbsp; Czwartek 08:30 \u2013 11:30<\/p>\n\n\n\n<p>&nbsp;&nbsp;&nbsp; Pi\u0105tek 09:00 \u2013 16:00<\/p>\n\n\n\n<p>Sara Ludwig<\/p>\n\n\n\n<p>&nbsp;&nbsp; Poniedzia\u0142ek 08:30 \u2013 14:30<\/p>\n\n\n\n<p>&nbsp;&nbsp; Wtorek 10:00 \u2013 16:00<\/p>\n\n\n\n<p>&nbsp;&nbsp;&nbsp; \u015aroda 10:00 \u2013 16:00<\/p>\n\n\n\n<p>&nbsp;&nbsp;&nbsp; Czwartek 08:30 \u2013 14:30<\/p>\n\n\n\n<p>&nbsp;&nbsp;&nbsp; Pi\u0105tek 08:30 \u2013 14:30<\/p>\n\n\n\n<p>Karolina Wojda<\/p>\n\n\n\n<p>&nbsp;&nbsp;&nbsp; Poniedzia\u0142ek 08:25 \u2013 13:00<\/p>\n\n\n\n<p>&nbsp;&nbsp;&nbsp; Wtorek&nbsp; 08:25 \u2013 10:30<\/p>\n\n\n\n<p>&nbsp;&nbsp;&nbsp; \u015aroda 12:15 \u2013 15:05<\/p>\n","protected":false},"excerpt":{"rendered":"<p>Zesp\u00f3\u0142 pomocy psychologiczno-pedagogicznej zajmuje si\u0119 wspieraniem uczni\u00f3w, rodzic\u00f3w i nauczycieli, zapewnia pomoc w przezwyci\u0119\u017caniu trudno\u015bci. Agnieszka Kowalczyk \u2013 psycholog (klasy 1, 3 oraz 8), terapeuta pedagogiczny (kl.5) Anna \u017bo\u0142\u0119dowska \u2013&#8230;<\/p>\n","protected":false},"author":1,"featured_media":0,"parent":0,"menu_order":0,"comment_status":"closed","ping_status":"closed","template":"","meta":[],"_links":{"self":[{"href":"https:\/\/ssp10.pl\/strona\/wp-json\/wp\/v2\/pages\/16942"}],"collection":[{"href":"https:\/\/ssp10.pl\/strona\/wp-json\/wp\/v2\/pages"}],"about":[{"href":"https:\/\/ssp10.pl\/strona\/wp-json\/wp\/v2\/types\/page"}],"author":[{"embeddable":true,"href":"https:\/\/ssp10.pl\/strona\/wp-json\/wp\/v2\/users\/1"}],"replies":[{"embeddable":true,"href":"https:\/\/ssp10.pl\/strona\/wp-json\/wp\/v2\/comments?post=16942"}],"version-history":[{"count":101,"href":"https:\/\/ssp10.pl\/strona\/wp-json\/wp\/v2\/pages\/16942\/revisions"}],"predecessor-version":[{"id":23379,"href":"https:\/\/ssp10.pl\/strona\/wp-json\/wp\/v2\/pages\/16942\/revisions\/23379"}],"wp:attachment":[{"href":"https:\/\/ssp10.pl\/strona\/wp-json\/wp\/v2\/media?parent=16942"}],"curies":[{"name":"wp","href":"https:\/\/api.w.org\/{rel}","templated":true}]}}