{"id":16872,"date":"2025-01-01T20:30:50","date_gmt":"2025-01-01T19:30:50","guid":{"rendered":"http:\/\/ssp10.pl\/strona\/?page_id=16872"},"modified":"2026-03-18T11:18:48","modified_gmt":"2026-03-18T10:18:48","slug":"startowa","status":"publish","type":"page","link":"https:\/\/ssp10.pl\/strona\/","title":{"rendered":"START"},"content":{"rendered":"[vc_row type=&#8221;in_container&#8221; full_screen_row_position=&#8221;middle&#8221; column_margin=&#8221;default&#8221; column_direction=&#8221;default&#8221; column_direction_tablet=&#8221;default&#8221; column_direction_phone=&#8221;default&#8221; scene_position=&#8221;center&#8221; text_color=&#8221;dark&#8221; text_align=&#8221;left&#8221; row_border_radius=&#8221;none&#8221; row_border_radius_applies=&#8221;bg&#8221; overlay_strength=&#8221;0.3&#8243; gradient_direction=&#8221;left_to_right&#8221; shape_divider_position=&#8221;bottom&#8221; bg_image_animation=&#8221;none&#8221;][vc_column column_padding=&#8221;no-extra-padding&#8221; column_padding_tablet=&#8221;inherit&#8221; column_padding_phone=&#8221;inherit&#8221; column_padding_position=&#8221;all&#8221; column_element_spacing=&#8221;default&#8221; background_color_opacity=&#8221;1&#8243; background_hover_color_opacity=&#8221;1&#8243; column_shadow=&#8221;none&#8221; column_border_radius=&#8221;none&#8221; column_link_target=&#8221;_self&#8221; gradient_direction=&#8221;left_to_right&#8221; overlay_strength=&#8221;0.3&#8243; width=&#8221;1\/1&#8243; tablet_width_inherit=&#8221;default&#8221; tablet_text_alignment=&#8221;default&#8221; phone_text_alignment=&#8221;default&#8221; bg_image_animation=&#8221;none&#8221; border_type=&#8221;simple&#8221; column_border_width=&#8221;none&#8221; column_border_style=&#8221;solid&#8221;][\/vc_column][\/vc_row][vc_row type=&#8221;full_width_background&#8221; full_screen_row_position=&#8221;middle&#8221; column_margin=&#8221;default&#8221; equal_height=&#8221;yes&#8221; content_placement=&#8221;middle&#8221; column_direction=&#8221;default&#8221; column_direction_tablet=&#8221;default&#8221; column_direction_phone=&#8221;default&#8221; scene_position=&#8221;center&#8221; top_padding=&#8221;5%&#8221; bottom_padding=&#8221;5%&#8221; text_color=&#8221;dark&#8221; text_align=&#8221;left&#8221; row_border_radius=&#8221;none&#8221; row_border_radius_applies=&#8221;bg&#8221; id=&#8221;creative-services&#8221; overlay_strength=&#8221;0.3&#8243; gradient_direction=&#8221;left_to_right&#8221; shape_divider_position=&#8221;bottom&#8221; bg_image_animation=&#8221;none&#8221; shape_type=&#8221;&#8221;][vc_column column_padding=&#8221;padding-2-percent&#8221; column_padding_tablet=&#8221;inherit&#8221; column_padding_phone=&#8221;inherit&#8221; column_padding_position=&#8221;right&#8221; column_element_spacing=&#8221;default&#8221; background_color_opacity=&#8221;1&#8243; background_hover_color_opacity=&#8221;1&#8243; column_shadow=&#8221;none&#8221; column_border_radius=&#8221;none&#8221; column_link_target=&#8221;_self&#8221; gradient_direction=&#8221;left_to_right&#8221; overlay_strength=&#8221;0.3&#8243; width=&#8221;1\/3&#8243; tablet_width_inherit=&#8221;default&#8221; tablet_text_alignment=&#8221;default&#8221; phone_text_alignment=&#8221;default&#8221; bg_image_animation=&#8221;none&#8221; border_type=&#8221;simple&#8221; column_border_width=&#8221;none&#8221; column_border_style=&#8221;solid&#8221;][vc_column_text]\n<h3>Informacje bie\u017c\u0105ce<\/h3>\n[\/vc_column_text][vc_column_text css=&#8221;.vc_custom_1630006825728{padding-right: 10% !important;}&#8221;][\/vc_column_text][nectar_btn size=&#8221;large&#8221; button_style=&#8221;see-through-2&#8243; color_override=&#8221;#0d377f&#8221; hover_color_override=&#8221;#e53013&#8243; hover_text_color_override=&#8221;#ffffff&#8221; icon_family=&#8221;fontawesome&#8221; url=&#8221;ssp10.pl\/wpisy&#8221; text=&#8221;Przejd\u017a dalej&#8230;&#8221; margin_top=&#8221;5&#8243; icon_fontawesome=&#8221;fa fa-arrow-circle-right&#8221;][\/vc_column][vc_column column_padding=&#8221;no-extra-padding&#8221; column_padding_tablet=&#8221;inherit&#8221; column_padding_phone=&#8221;inherit&#8221; column_padding_position=&#8221;all&#8221; column_element_spacing=&#8221;default&#8221; background_color_opacity=&#8221;1&#8243; background_hover_color_opacity=&#8221;1&#8243; column_shadow=&#8221;none&#8221; column_border_radius=&#8221;none&#8221; column_link_target=&#8221;_self&#8221; gradient_direction=&#8221;left_to_right&#8221; overlay_strength=&#8221;0.3&#8243; width=&#8221;2\/3&#8243; tablet_width_inherit=&#8221;default&#8221; tablet_text_alignment=&#8221;default&#8221; phone_text_alignment=&#8221;default&#8221; bg_image_animation=&#8221;none&#8221; border_type=&#8221;simple&#8221; column_border_width=&#8221;none&#8221; column_border_style=&#8221;solid&#8221;][vc_row_inner column_margin=&#8221;none&#8221; column_direction=&#8221;default&#8221; column_direction_tablet=&#8221;default&#8221; column_direction_phone=&#8221;default&#8221; text_align=&#8221;left&#8221;][vc_column_inner column_padding=&#8221;padding-2-percent&#8221; column_padding_tablet=&#8221;inherit&#8221; column_padding_phone=&#8221;inherit&#8221; column_padding_position=&#8221;all&#8221; column_element_spacing=&#8221;default&#8221; background_color_opacity=&#8221;1&#8243; background_hover_color_opacity=&#8221;1&#8243; column_shadow=&#8221;none&#8221; column_border_radius=&#8221;none&#8221; column_link_target=&#8221;_self&#8221; gradient_direction=&#8221;left_to_right&#8221; overlay_strength=&#8221;0.3&#8243; width=&#8221;1\/2&#8243; tablet_width_inherit=&#8221;default&#8221; bg_image_animation=&#8221;none&#8221; border_type=&#8221;simple&#8221; column_border_width=&#8221;none&#8221; column_border_style=&#8221;solid&#8221;][fancy_box box_style=&#8221;color_box_basic&#8221; icon_family=&#8221;fontawesome&#8221; box_color=&#8221;#00e4e8&#8243; content_color=&#8221;#ffffff&#8221; box_color_opacity=&#8221;0&#8243; box_alignment=&#8221;left&#8221; border_radius=&#8221;default&#8221; image_loading=&#8221;default&#8221; icon_fontawesome=&#8221;fa fa-users&#8221; icon_size=&#8221;70&#8243; link_url=&#8221;https:\/\/ssp10.pl\/strona\/rekrutacja-do-klasy-pierwszej\/&#8221; min_height=&#8221;20&#8243;]\n<h3>Rekrutacja do klasy pierwszej<\/h3>\n<p>Rok szkolny 2026\/2027[\/fancy_box][fancy_box box_style=&#8221;color_box_basic&#8221; icon_family=&#8221;fontawesome&#8221; box_color=&#8221;#1bbf01&#8243; content_color=&#8221;#ffffff&#8221; box_color_opacity=&#8221;0&#8243; box_alignment=&#8221;left&#8221; border_radius=&#8221;default&#8221; image_loading=&#8221;default&#8221; icon_fontawesome=&#8221;fa fa-anchor&#8221; icon_size=&#8221;70&#8243; link_url=&#8221;https:\/\/ssp10.pl\/strona\/zielona-szkola-2025\/&#8221; min_height=&#8221;20&#8243;]\n<h3>Zielona Szko\u0142a 2026<\/h3>\n<p>Wi\u0119cej&#8230;[\/fancy_box][fancy_box box_style=&#8221;color_box_basic&#8221; icon_family=&#8221;fontawesome&#8221; box_color=&#8221;#e5920d&#8221; content_color=&#8221;#ffffff&#8221; box_color_opacity=&#8221;0&#8243; box_alignment=&#8221;left&#8221; border_radius=&#8221;default&#8221; image_loading=&#8221;default&#8221; icon_fontawesome=&#8221;fa fa-newspaper-o&#8221; icon_size=&#8221;70&#8243; link_url=&#8221;https:\/\/ssp10.pl\/strona\/gazetka-szkolna\/&#8221; min_height=&#8221;20&#8243;]\n<h3>Gazetka szkolna<\/h3>\n<p>Nowy numer![\/fancy_box][fancy_box box_style=&#8221;color_box_basic&#8221; icon_family=&#8221;fontawesome&#8221; box_color=&#8221;#db551c&#8221; content_color=&#8221;#ffffff&#8221; box_color_opacity=&#8221;0&#8243; box_alignment=&#8221;left&#8221; border_radius=&#8221;default&#8221; image_loading=&#8221;default&#8221; icon_fontawesome=&#8221;fa fa-sitemap&#8221; icon_size=&#8221;70&#8243; link_url=&#8221;https:\/\/sites.google.com\/view\/tydzieprojektowy\/strona-g%C5%82%C3%B3wna&#8221; min_height=&#8221;20&#8243;]\n<h3>Tydzie\u0144 Projektowy<\/h3>\n[\/fancy_box][fancy_box box_style=&#8221;color_box_basic&#8221; icon_family=&#8221;fontawesome&#8221; box_color=&#8221;#ff1053&#8243; content_color=&#8221;#ffffff&#8221; box_color_opacity=&#8221;0&#8243; box_alignment=&#8221;left&#8221; border_radius=&#8221;default&#8221; image_loading=&#8221;default&#8221; icon_fontawesome=&#8221;fa fa-handshake-o&#8221; icon_size=&#8221;70&#8243; link_url=&#8221;https:\/\/ssp10.pl\/strona\/resql\/&#8221; min_height=&#8221;20&#8243;]\n<h3>RESQL<\/h3>\n<p>Wszystko o programie&#8230;[\/fancy_box][fancy_box box_style=&#8221;color_box_basic&#8221; icon_family=&#8221;custom&#8221; custom_icon_image=&#8221;22084&#8243; box_color=&#8221;#0d56e8&#8243; box_color_opacity=&#8221;0&#8243; box_alignment=&#8221;left&#8221; border_radius=&#8221;default&#8221; image_loading=&#8221;default&#8221; min_height=&#8221;100&#8243; icon_size=&#8221;70&#8243; link_url=&#8221;https:\/\/ssp10.pl\/strona\/stroj-szkolny-2\/&#8221;]\n<h3>Str\u00f3j szkolny<\/h3>\n<h3>informacje i zam\u00f3wienia<\/h3>\n[\/fancy_box][fancy_box box_style=&#8221;color_box_basic&#8221; icon_family=&#8221;fontawesome&#8221; link_new_tab=&#8221;true&#8221; box_color=&#8221;#7c7c7c&#8221; box_color_opacity=&#8221;0&#8243; box_alignment=&#8221;left&#8221; border_radius=&#8221;default&#8221; image_loading=&#8221;default&#8221; icon_fontawesome=&#8221;fa fa-area-chart&#8221; icon_size=&#8221;80&#8243; link_url=&#8221;https:\/\/waszaedukacja.pl\/ranking\/polska\/szkoly-podstawowe&#8221; min_height=&#8221;50&#8243;]\n<h3>SSP 10 w czo\u0142\u00f3wce szk\u00f3\u0142 warszawskich<\/h3>\n[\/fancy_box][fancy_box box_style=&#8221;color_box_basic&#8221; icon_family=&#8221;linecons&#8221; box_color=&#8221;#0d84e0&#8243; box_color_opacity=&#8221;0&#8243; box_alignment=&#8221;left&#8221; border_radius=&#8221;default&#8221; image_loading=&#8221;default&#8221; icon_linecons=&#8221;vc_li vc_li-video&#8221; icon_size=&#8221;60&#8243; link_url=&#8221;https:\/\/ssp10.pl\/strona\/najmlodsi-o-naszej-szkole\/&#8221; min_height=&#8221;50&#8243;]\n<h3>Nasza szko\u0142a<br \/>\nwed\u0142ug naszych najm\u0142odszych<br \/>\nFILM<\/h3>\n[\/fancy_box][\/vc_column_inner][vc_column_inner column_padding=&#8221;padding-2-percent&#8221; column_padding_tablet=&#8221;inherit&#8221; column_padding_phone=&#8221;inherit&#8221; column_padding_position=&#8221;all&#8221; column_element_spacing=&#8221;default&#8221; background_color_opacity=&#8221;1&#8243; background_hover_color_opacity=&#8221;1&#8243; column_shadow=&#8221;none&#8221; column_border_radius=&#8221;none&#8221; column_link_target=&#8221;_self&#8221; gradient_direction=&#8221;left_to_right&#8221; overlay_strength=&#8221;0.3&#8243; width=&#8221;1\/2&#8243; tablet_width_inherit=&#8221;default&#8221; bg_image_animation=&#8221;none&#8221; border_type=&#8221;simple&#8221; column_border_width=&#8221;none&#8221; column_border_style=&#8221;solid&#8221;][fancy_box box_style=&#8221;color_box_basic&#8221; icon_family=&#8221;none&#8221; box_color=&#8221;#999999&#8243; box_color_opacity=&#8221;0&#8243; box_alignment=&#8221;left&#8221; border_radius=&#8221;default&#8221; image_loading=&#8221;default&#8221; min_height=&#8221;20&#8243; link_url=&#8221;https:\/\/ssp10.pl\/strona\/plan-lekcji\/&#8221;]<strong>NOWY PLAN LEKCJI &#8211; II SEMESTR 2025\/2026<\/strong>[\/fancy_box][fancy_box box_style=&#8221;color_box_basic&#8221; icon_family=&#8221;iconsmind&#8221; box_color=&#8221;#408cef&#8221; box_color_opacity=&#8221;1&#8243; box_alignment=&#8221;left&#8221; border_radius=&#8221;default&#8221; image_loading=&#8221;default&#8221; enable_animation=&#8221;true&#8221; animation=&#8221;fade-in-from-bottom&#8221; color_scheme=&#8221;none&#8221; secondary_content=&#8221;here&#8217;s some awesome text that would only be shown on hover&#8221; min_height=&#8221;70&#8243; link_url=&#8221;https:\/\/ssp10.pl\/strona\/xix-zawody-w-plywaniu-niepublicznych-szkol-podstawowych-o-puchar-dyrektora-ssp10-o-zasiegu-wojewodzkim-25-02-2026\/&#8221; delay=&#8221;100&#8243; css=&#8221;.vc_custom_1770106467360{padding-top: 15% !important;padding-right: 15% !important;padding-bottom: 15% !important;padding-left: 15% !important;}&#8221; icon_size=&#8221;50&#8243; icon_iconsmind=&#8221;iconsmind-Swimming&#8221;]\n<h3>XIX Zawody w P\u0142ywaniu Niepublicznych Szk\u00f3\u0142 Podstawowych o Puchar Dyrektora SSP10<\/h3>\n[\/fancy_box][fancy_box box_style=&#8221;color_box_basic&#8221; icon_family=&#8221;iconsmind&#8221; box_color=&#8221;#06a5a3&#8243; box_color_opacity=&#8221;1&#8243; box_alignment=&#8221;left&#8221; border_radius=&#8221;default&#8221; image_loading=&#8221;default&#8221; enable_animation=&#8221;true&#8221; animation=&#8221;fade-in-from-bottom&#8221; color_scheme=&#8221;none&#8221; secondary_content=&#8221;here&#8217;s some awesome text that would only be shown on hover&#8221; min_height=&#8221;70&#8243; link_url=&#8221;http:\/\/ssp10.pl\/strona\/kontakty-dojazd-konto-nip\/&#8221; delay=&#8221;100&#8243; css=&#8221;.vc_custom_1734613426374{padding-top: 15% !important;padding-right: 15% !important;padding-bottom: 15% !important;padding-left: 15% !important;}&#8221; icon_size=&#8221;50&#8243; icon_iconsmind=&#8221;iconsmind-Information&#8221;]\n<h3>Informacje podstawowe<\/h3>\n[\/fancy_box][fancy_box box_style=&#8221;color_box_basic&#8221; icon_family=&#8221;fontawesome&#8221; box_color=&#8221;#133ad8&#8243; box_color_opacity=&#8221;0&#8243; box_alignment=&#8221;left&#8221; border_radius=&#8221;default&#8221; image_loading=&#8221;default&#8221; min_height=&#8221;20&#8243; link_url=&#8221;https:\/\/ssp10.pl\/strona\/darowizna-dla-szkoly\/&#8221; icon_fontawesome=&#8221;fa fa-handshake-o&#8221; image_size=&#8221;70&#8243;]\n<h3>DAROWIZNA DLA SZKO\u0141Y<br \/>\nPom\u00f3\u017c nam rozwija\u0107 szko\u0142\u0119 jeszcze lepiej!<\/h3>\n[\/fancy_box][fancy_box box_style=&#8221;color_box_basic&#8221; icon_family=&#8221;steadysets&#8221; box_color=&#8221;#15bfea&#8221; box_color_opacity=&#8221;0&#8243; box_alignment=&#8221;left&#8221; border_radius=&#8221;default&#8221; image_loading=&#8221;default&#8221; icon_steadysets=&#8221;steadysets-icon-calendar&#8221; link_url=&#8221;https:\/\/ssp10.pl\/strona\/kalendarz-2025-26\/&#8221; min_height=&#8221;50&#8243;]\n<h3>Kalendarz<br \/>\nroku szkolnego<\/h3>\n[\/fancy_box][fancy_box box_style=&#8221;color_box_basic&#8221; icon_family=&#8221;custom&#8221; custom_icon_image=&#8221;20790&#8243; box_color=&#8221;#e000c6&#8243; box_color_opacity=&#8221;0&#8243; box_alignment=&#8221;left&#8221; border_radius=&#8221;default&#8221; image_loading=&#8221;default&#8221; icon_size=&#8221;70&#8243; link_url=&#8221;https:\/\/ssp10.pl\/strona\/nasza-szkola-organizacja-pozytku-publicznego\/&#8221; min_height=&#8221;50&#8243;]\n<h3>SSP10<br \/>\norganizacj\u0105 po\u017cytku publicznego<\/h3>\n[\/fancy_box][\/vc_column_inner][vc_column_inner column_padding=&#8221;no-extra-padding&#8221; column_padding_tablet=&#8221;inherit&#8221; column_padding_phone=&#8221;inherit&#8221; column_padding_position=&#8221;all&#8221; column_element_spacing=&#8221;default&#8221; background_color_opacity=&#8221;1&#8243; background_hover_color_opacity=&#8221;1&#8243; column_shadow=&#8221;none&#8221; column_border_radius=&#8221;none&#8221; column_link_target=&#8221;_self&#8221; gradient_direction=&#8221;left_to_right&#8221; overlay_strength=&#8221;0.3&#8243; width=&#8221;1\/1&#8243; tablet_width_inherit=&#8221;default&#8221; bg_image_animation=&#8221;none&#8221; border_type=&#8221;simple&#8221; column_border_width=&#8221;none&#8221; column_border_style=&#8221;solid&#8221;][\/vc_column_inner][\/vc_row_inner][vc_row_inner column_margin=&#8221;none&#8221; column_direction=&#8221;default&#8221; column_direction_tablet=&#8221;default&#8221; column_direction_phone=&#8221;default&#8221; text_align=&#8221;left&#8221;][vc_column_inner column_padding=&#8221;padding-2-percent&#8221; column_padding_tablet=&#8221;inherit&#8221; column_padding_phone=&#8221;inherit&#8221; column_padding_position=&#8221;all&#8221; column_element_spacing=&#8221;default&#8221; background_color_opacity=&#8221;1&#8243; background_hover_color_opacity=&#8221;1&#8243; column_shadow=&#8221;none&#8221; column_border_radius=&#8221;none&#8221; column_link_target=&#8221;_self&#8221; gradient_direction=&#8221;left_to_right&#8221; overlay_strength=&#8221;0.3&#8243; width=&#8221;1\/2&#8243; tablet_width_inherit=&#8221;default&#8221; bg_image_animation=&#8221;none&#8221; border_type=&#8221;simple&#8221; column_border_width=&#8221;none&#8221; column_border_style=&#8221;solid&#8221;][\/vc_column_inner][vc_column_inner column_padding=&#8221;padding-2-percent&#8221; column_padding_tablet=&#8221;inherit&#8221; column_padding_phone=&#8221;inherit&#8221; column_padding_position=&#8221;all&#8221; column_element_spacing=&#8221;default&#8221; background_color_opacity=&#8221;1&#8243; background_hover_color_opacity=&#8221;1&#8243; column_shadow=&#8221;none&#8221; column_border_radius=&#8221;none&#8221; column_link_target=&#8221;_self&#8221; gradient_direction=&#8221;left_to_right&#8221; overlay_strength=&#8221;0.3&#8243; width=&#8221;1\/2&#8243; tablet_width_inherit=&#8221;default&#8221; bg_image_animation=&#8221;none&#8221; border_type=&#8221;simple&#8221; column_border_width=&#8221;none&#8221; column_border_style=&#8221;solid&#8221;][\/vc_column_inner][\/vc_row_inner][vc_row_inner column_margin=&#8221;none&#8221; column_direction=&#8221;default&#8221; column_direction_tablet=&#8221;default&#8221; column_direction_phone=&#8221;default&#8221; text_align=&#8221;left&#8221;][vc_column_inner column_padding=&#8221;padding-2-percent&#8221; column_padding_tablet=&#8221;inherit&#8221; column_padding_phone=&#8221;inherit&#8221; column_padding_position=&#8221;all&#8221; column_element_spacing=&#8221;default&#8221; background_color_opacity=&#8221;1&#8243; background_hover_color_opacity=&#8221;1&#8243; column_shadow=&#8221;none&#8221; column_border_radius=&#8221;none&#8221; column_link_target=&#8221;_self&#8221; gradient_direction=&#8221;left_to_right&#8221; overlay_strength=&#8221;0.3&#8243; width=&#8221;1\/2&#8243; tablet_width_inherit=&#8221;default&#8221; bg_image_animation=&#8221;none&#8221; border_type=&#8221;simple&#8221; column_border_width=&#8221;none&#8221; column_border_style=&#8221;solid&#8221;][\/vc_column_inner][vc_column_inner column_padding=&#8221;padding-2-percent&#8221; column_padding_tablet=&#8221;inherit&#8221; column_padding_phone=&#8221;inherit&#8221; column_padding_position=&#8221;all&#8221; column_element_spacing=&#8221;default&#8221; background_color_opacity=&#8221;1&#8243; background_hover_color_opacity=&#8221;1&#8243; column_shadow=&#8221;none&#8221; column_border_radius=&#8221;none&#8221; column_link_target=&#8221;_self&#8221; gradient_direction=&#8221;left_to_right&#8221; overlay_strength=&#8221;0.3&#8243; width=&#8221;1\/2&#8243; tablet_width_inherit=&#8221;default&#8221; bg_image_animation=&#8221;none&#8221; border_type=&#8221;simple&#8221; column_border_width=&#8221;none&#8221; column_border_style=&#8221;solid&#8221;][\/vc_column_inner][\/vc_row_inner][vc_row_inner column_margin=&#8221;none&#8221; column_direction=&#8221;default&#8221; column_direction_tablet=&#8221;default&#8221; column_direction_phone=&#8221;default&#8221; text_align=&#8221;left&#8221;][vc_column_inner column_padding=&#8221;padding-2-percent&#8221; column_padding_tablet=&#8221;inherit&#8221; column_padding_phone=&#8221;inherit&#8221; column_padding_position=&#8221;all&#8221; column_element_spacing=&#8221;default&#8221; background_color_opacity=&#8221;1&#8243; background_hover_color_opacity=&#8221;1&#8243; column_shadow=&#8221;none&#8221; column_border_radius=&#8221;none&#8221; column_link_target=&#8221;_self&#8221; gradient_direction=&#8221;left_to_right&#8221; overlay_strength=&#8221;0.3&#8243; width=&#8221;1\/2&#8243; tablet_width_inherit=&#8221;default&#8221; bg_image_animation=&#8221;none&#8221; border_type=&#8221;simple&#8221; column_border_width=&#8221;none&#8221; column_border_style=&#8221;solid&#8221;][\/vc_column_inner][vc_column_inner column_padding=&#8221;padding-2-percent&#8221; column_padding_tablet=&#8221;inherit&#8221; column_padding_phone=&#8221;inherit&#8221; column_padding_position=&#8221;all&#8221; column_element_spacing=&#8221;default&#8221; background_color_opacity=&#8221;1&#8243; background_hover_color_opacity=&#8221;1&#8243; column_shadow=&#8221;none&#8221; column_border_radius=&#8221;none&#8221; column_link_target=&#8221;_self&#8221; gradient_direction=&#8221;left_to_right&#8221; overlay_strength=&#8221;0.3&#8243; width=&#8221;1\/2&#8243; tablet_width_inherit=&#8221;default&#8221; bg_image_animation=&#8221;none&#8221; border_type=&#8221;simple&#8221; column_border_width=&#8221;none&#8221; column_border_style=&#8221;solid&#8221;][\/vc_column_inner][\/vc_row_inner][\/vc_column][\/vc_row]\n","protected":false},"excerpt":{"rendered":"<p>[vc_row type=&#8221;in_container&#8221; full_screen_row_position=&#8221;middle&#8221; column_margin=&#8221;default&#8221; column_direction=&#8221;default&#8221; column_direction_tablet=&#8221;default&#8221; column_direction_phone=&#8221;default&#8221; scene_position=&#8221;center&#8221; text_color=&#8221;dark&#8221; text_align=&#8221;left&#8221; row_border_radius=&#8221;none&#8221; row_border_radius_applies=&#8221;bg&#8221; overlay_strength=&#8221;0.3&#8243; gradient_direction=&#8221;left_to_right&#8221; shape_divider_position=&#8221;bottom&#8221; bg_image_animation=&#8221;none&#8221;][vc_column column_padding=&#8221;no-extra-padding&#8221; column_padding_tablet=&#8221;inherit&#8221; column_padding_phone=&#8221;inherit&#8221; column_padding_position=&#8221;all&#8221; column_element_spacing=&#8221;default&#8221; background_color_opacity=&#8221;1&#8243; background_hover_color_opacity=&#8221;1&#8243; column_shadow=&#8221;none&#8221; column_border_radius=&#8221;none&#8221; column_link_target=&#8221;_self&#8221; gradient_direction=&#8221;left_to_right&#8221; overlay_strength=&#8221;0.3&#8243; width=&#8221;1\/1&#8243; tablet_width_inherit=&#8221;default&#8221;&#8230;<\/p>\n","protected":false},"author":1,"featured_media":0,"parent":0,"menu_order":0,"comment_status":"closed","ping_status":"closed","template":"","meta":[],"_links":{"self":[{"href":"https:\/\/ssp10.pl\/strona\/wp-json\/wp\/v2\/pages\/16872"}],"collection":[{"href":"https:\/\/ssp10.pl\/strona\/wp-json\/wp\/v2\/pages"}],"about":[{"href":"https:\/\/ssp10.pl\/strona\/wp-json\/wp\/v2\/types\/page"}],"author":[{"embeddable":true,"href":"https:\/\/ssp10.pl\/strona\/wp-json\/wp\/v2\/users\/1"}],"replies":[{"embeddable":true,"href":"https:\/\/ssp10.pl\/strona\/wp-json\/wp\/v2\/comments?post=16872"}],"version-history":[{"count":710,"href":"https:\/\/ssp10.pl\/strona\/wp-json\/wp\/v2\/pages\/16872\/revisions"}],"predecessor-version":[{"id":23577,"href":"https:\/\/ssp10.pl\/strona\/wp-json\/wp\/v2\/pages\/16872\/revisions\/23577"}],"wp:attachment":[{"href":"https:\/\/ssp10.pl\/strona\/wp-json\/wp\/v2\/media?parent=16872"}],"curies":[{"name":"wp","href":"https:\/\/api.w.org\/{rel}","templated":true}]}}