{"id":16380,"date":"2021-08-24T09:52:18","date_gmt":"2021-08-24T07:52:18","guid":{"rendered":"http:\/\/ssp10.pl\/strona\/?page_id=16380"},"modified":"2026-02-03T09:36:56","modified_gmt":"2026-02-03T08:36:56","slug":"zarzad-i-kolo-sto","status":"publish","type":"page","link":"https:\/\/ssp10.pl\/strona\/zarzad-i-kolo-sto\/","title":{"rendered":"Zarz\u0105d i Ko\u0142o STO"},"content":{"rendered":"\n<h2>Zarz\u0105d Samodzielnego Ko\u0142a Terenowego STO Nr 162<\/h2>\n\n\n\n<p>Pachecka Magdalena \u2013 Prezes Zarz\u0105du<\/p>\n\n\n\n<p>Nowotny-Grzonek Maja \u2013 Wiceprezes Zarz\u0105du<\/p>\n\n\n\n<ul>\n<li>\u017bmijewski Micha\u0142 Wiktor \u2013 Skarbnik<\/li>\n\n\n\n<li>Pokorska-\u015apiewak Maria \u2013 Sekretarz<\/li>\n\n\n\n<li>Bujalska Gabriela \u2013 cz\u0142onek Zarz\u0105du<\/li>\n\n\n\n<li>Jo\u0144czyk Marta \u2013 cz\u0142onek Zarz\u0105du<\/li>\n\n\n\n<li>Witkowska Halina \u2013 cz\u0142onek Zarz\u0105du<\/li>\n<\/ul>\n\n\n\n<p>Komisja Rewizyjna:<\/p>\n\n\n\n<ul>\n<li>Robert Daniluk \u2013 Przewodnicz\u0105cy Komisji Rewizyjnej<\/li>\n\n\n\n<li>Jakub Sobotkowski \u2013 Sekretarz Komisji Rewizyjnej<\/li>\n\n\n\n<li>Mirella Owczarczyk \u2013 cz\u0142onek Komisji Rewizyjnej<\/li>\n<\/ul>\n\n\n\n<p>zarzadsto1027@gmail.com<\/p>\n\n\n\n<p><strong>SK\u0141ADKI<\/strong><\/p>\n\n\n\n<p>Sk\u0142adka na rok 2025\/2026: 90 z\u0142 p\u0142atne na konto STO.<\/p>\n\n\n\n<p><strong>Dane do wp\u0142aty<\/strong><br>Spo\u0142eczne Towarzystwo O\u015bwiatowe<br>ul. Nowy \u015awiat 39<br>00-029 Warszawa<br>nr konta: 63 1090 1014 0000 0001 5186 6849<\/p>\n\n\n\n<p><strong>W tytule przelewu <\/strong>prosimy wpisa\u0107:<br>numer ko\u0142a, imi\u0119, nazwisko oraz czego dotyczy p\u0142atno\u015b\u0107, np.<br>SKT nr 162, Jan Kowalski, op\u0142ata za sk\u0142adk\u0119 cz\u0142onkowsk\u0105 2024\/25.<\/p>\n\n\n\n<p>Deklaracja cz\u0142onkowska z RODO do pobrania w dziale <a href=\"https:\/\/ssp10.pl\/strona\/dokumenty-i-druki\/\">Dokumenty<\/a><\/p>\n\n\n\n<p><a href=\"https:\/\/sto.org.pl\/czlonkostwo\/\" target=\"_blank\" rel=\"noreferrer noopener\">Zasady nabywania i utraty<br>cz\u0142onkostwa zwyczajnego w STO (strona STO)<\/a><\/p>\n\n\n\n<p><strong>Sprawozdanie 162 SKT Spo\u0142ecznego Towarzystwa O\u015bwiatowego za rok 2022<\/strong><\/p>\n\n\n\n<p>Pliki do pobrania:<\/p>\n\n\n\n<ul>\n<li><a href=\"https:\/\/ssp10.pl\/strona\/wp-content\/uploads\/dokumenty\/ZARZAD\/SPRAWOZDANIE-2022\/Wprowadzenie-a.pdf\" target=\"_blank\" rel=\"noreferrer noopener\">wprowadzenie<\/a><\/li>\n\n\n\n<li><a href=\"https:\/\/ssp10.pl\/strona\/wp-content\/uploads\/dokumenty\/ZARZAD\/SPRAWOZDANIE-2022\/informacja-dodatkowa-a.pdf\" target=\"_blank\" rel=\"noreferrer noopener\">informacja dodatkowa<\/a><\/li>\n\n\n\n<li><a href=\"https:\/\/ssp10.pl\/strona\/wp-content\/uploads\/dokumenty\/ZARZAD\/SPRAWOZDANIE-2022\/RZiS-a.pdf\" target=\"_blank\" rel=\"noreferrer noopener\">rachunek zysk\u00f3w i strat<\/a><\/li>\n\n\n\n<li><a href=\"https:\/\/ssp10.pl\/strona\/wp-content\/uploads\/dokumenty\/ZARZAD\/SPRAWOZDANIE-2022\/bilans-a.pdf\" target=\"_blank\" rel=\"noreferrer noopener\">bilans<\/a><\/li>\n<\/ul>\n\n\n\n<p><strong>Sprawozdanie 162 SKT Spo\u0142ecznego Towarzystwa O\u015bwiatowego za rok 2023<\/strong><\/p>\n\n\n\n<p>Pliki do pobrania:<\/p>\n\n\n\n<ul>\n\n<li><a href=\"https:\/\/ssp10.pl\/strona\/wp-content\/uploads\/dokumenty\/ZARZAD\/SPRAWOZDANIE-2023\/wprowadzenie_do_sprawozdania_2023.pdf\" target=\"_blank\" rel=\"noreferrer noopener\">wprowadzenie<\/a><\/li>\n\n\r\n\r\n\n<li><a href=\"https:\/\/ssp10.pl\/strona\/wp-content\/uploads\/dokumenty\/ZARZAD\/SPRAWOZDANIE-2023\/informacja_dodatkowa_2023.pdf\" target=\"_blank\" rel=\"noreferrer noopener\">informacja dodatkowa<\/a><\/li>\n\n\r\n\r\n\n<li><a href=\"https:\/\/ssp10.pl\/strona\/wp-content\/uploads\/dokumenty\/ZARZAD\/SPRAWOZDANIE-2023\/rachunek_zyskow_strat_2023.pdf\" target=\"_blank\" rel=\"noreferrer noopener\">rachunek zysk\u00f3w i strat<\/a><\/li>\n\n\r\n\r\n\n<li><a href=\"http:\/\/ssp10.pl\/strona\/wp-content\/uploads\/Dokumenty\/ZARZAD\/SPRAWOZDANIE-2023\/bilans_2023.pdf\">bilans<\/a><\/li>\n\n<\/ul>\r\n<p><strong>Sprawozdanie 162 SKT Spo\u0142ecznego Towarzystwa O\u015bwiatowego za rok 2024<\/strong><\/p>\r\n<p>\n\n\n\n<\/p>\r\n<p>Pliki do pobrania:<\/p>\r\n<p>\n\n\n\n<\/p>\r\n<ul>\n\n<li><a href=\"http:\/\/ssp10.pl\/strona\/wp-content\/uploads\/2026\/02\/Wprowadzenie_do_sprawozdania_2024.pdf\" target=\"_blank\" rel=\"noreferrer noopener\">wprowadzenie<\/a><\/li>\n\n\r\n\r\n\n<li><a href=\"http:\/\/ssp10.pl\/strona\/wp-content\/uploads\/2026\/02\/Informacja_dodatkowa_2024.pdf\" target=\"_blank\" rel=\"noreferrer noopener\">informacja dodatkowa<\/a><\/li>\n\n\r\n\r\n\n<li><a href=\"http:\/\/ssp10.pl\/strona\/wp-content\/uploads\/2026\/02\/Rachunek_zyskow_i_strat_2024.pdf\" target=\"_blank\" rel=\"noreferrer noopener\">rachunek zysk\u00f3w i strat<\/a><\/li>\n\n\r\n\r\n\n<li><a href=\"http:\/\/ssp10.pl\/strona\/wp-content\/uploads\/2026\/02\/Bilans2024.pdf\">bilans<\/a><\/li>\r\n<\/ul>\n\n\r\n\r\n\n<p><a href=\"http:\/\/ssp10.pl\/strona\/wp-content\/uploads\/Dokumenty\/ZARZAD\/2025\/SPRAWOZDANIE_25.02.2025.pdf\" target=\"_blank\" rel=\"noreferrer noopener\">SPRAWOZDANIE Zarz\u0105du z dnia 25 lutego 2025 <br \/>SKT NR 162 STO za okres 9.03.2022 r.-25.02.2025<\/a><\/p>\n\n\r\n\r\n\n<p><a href=\"http:\/\/ssp10.pl\/strona\/wp-content\/uploads\/Dokumenty\/ZARZAD\/2025\/sprawozdanie_z_prac-22-25.pdf\" target=\"_blank\" rel=\"noreferrer noopener\">SPRAWOZDANIE Z PRAC ZARZ\u0104DU<br \/>SKT NR 162 STO w latach 2022-2025<\/a><\/p>\n\n\r\n\r\n\n<p><strong>Uchwa\u0142y Zarz\u0105du<\/strong> (do pobrania w dziale <a href=\"http:\/\/ssp10.pl\/strona\/dokumenty-i-druki\/\">Dokumenty i druki<\/a>)<\/p>\n\n\r\n\r\n\n<p>Uchwa\u0142a w sprawie udzielenia wsparcia finansowego dla uczni\u00f3w, kt\u00f3rzy utracili opiekuna prawnego<\/p>\n\n\r\n\r\n\n<p>Uchwa\u0142a w sprawie utworzenia Funduszu Stypendialnego oraz za\u0142\u0105czniki: Regulamin Funduszu Stypendialnego oraz Wniosek<\/p>\n\n\r\n\r\n\n<p>Uchwa\u0142a w sprawie wykre\u015blenia z listy uczestnik\u00f3w zaj\u0119\u0107 dodatkowych ucznia zalegaj\u0105cego z p\u0142atno\u015bciami<\/p>\n\n\r\n\r\n\n<p>Uchwa\u0142a w sprawie wysoko\u015bci op\u0142at za \u015bwietlic\u0119<\/p>\n\n\r\n\r\n\n<p>Uchwa\u0142a w sprawie op\u0142at czesnego<\/p>\n\n\r\n\r\n\n<p>&nbsp;<\/p>\n\n","protected":false},"excerpt":{"rendered":"<p>Zarz\u0105d Samodzielnego Ko\u0142a Terenowego STO Nr 162 Pachecka Magdalena \u2013 Prezes Zarz\u0105du Nowotny-Grzonek Maja \u2013 Wiceprezes Zarz\u0105du Komisja Rewizyjna: zarzadsto1027@gmail.com SK\u0141ADKI Sk\u0142adka na rok 2025\/2026: 90 z\u0142 p\u0142atne na konto&#8230;<\/p>\n","protected":false},"author":1,"featured_media":0,"parent":0,"menu_order":0,"comment_status":"closed","ping_status":"closed","template":"","meta":[],"_links":{"self":[{"href":"https:\/\/ssp10.pl\/strona\/wp-json\/wp\/v2\/pages\/16380"}],"collection":[{"href":"https:\/\/ssp10.pl\/strona\/wp-json\/wp\/v2\/pages"}],"about":[{"href":"https:\/\/ssp10.pl\/strona\/wp-json\/wp\/v2\/types\/page"}],"author":[{"embeddable":true,"href":"https:\/\/ssp10.pl\/strona\/wp-json\/wp\/v2\/users\/1"}],"replies":[{"embeddable":true,"href":"https:\/\/ssp10.pl\/strona\/wp-json\/wp\/v2\/comments?post=16380"}],"version-history":[{"count":36,"href":"https:\/\/ssp10.pl\/strona\/wp-json\/wp\/v2\/pages\/16380\/revisions"}],"predecessor-version":[{"id":23519,"href":"https:\/\/ssp10.pl\/strona\/wp-json\/wp\/v2\/pages\/16380\/revisions\/23519"}],"wp:attachment":[{"href":"https:\/\/ssp10.pl\/strona\/wp-json\/wp\/v2\/media?parent=16380"}],"curies":[{"name":"wp","href":"https:\/\/api.w.org\/{rel}","templated":true}]}}