{"id":16372,"date":"2021-08-24T09:48:19","date_gmt":"2021-08-24T07:48:19","guid":{"rendered":"http:\/\/ssp10.pl\/strona\/?page_id=16372"},"modified":"2026-04-01T08:35:57","modified_gmt":"2026-04-01T06:35:57","slug":"samorzad","status":"publish","type":"page","link":"https:\/\/ssp10.pl\/strona\/samorzad\/","title":{"rendered":"Samorz\u0105d"},"content":{"rendered":"<h2>Zarz\u0105d Rady Samorz\u0105du Uczniowskiego na rok 2025\/26<\/h2>\n<p>Przewodnicz\u0105cy: Marek Markiewicz<br \/>\nWiceprzewodnicz\u0105ce: Maja Bogucka i Zuzanna Trzaskowska vel Trzaska<\/p>\n<h2>Opiekun Samorz\u0105du Uczniowskiego<\/h2>\n<ul>\n<li>Justyna Kobecka-Marciniak<\/li>\n<\/ul>\n","protected":false},"excerpt":{"rendered":"<p>Zarz\u0105d Rady Samorz\u0105du Uczniowskiego na rok 2025\/26 Przewodnicz\u0105cy: Marek Markiewicz Wiceprzewodnicz\u0105ce: Maja Bogucka i Zuzanna Trzaskowska vel Trzaska Opiekun Samorz\u0105du Uczniowskiego Justyna Kobecka-Marciniak<\/p>\n","protected":false},"author":1,"featured_media":0,"parent":0,"menu_order":0,"comment_status":"closed","ping_status":"closed","template":"","meta":[],"_links":{"self":[{"href":"https:\/\/ssp10.pl\/strona\/wp-json\/wp\/v2\/pages\/16372"}],"collection":[{"href":"https:\/\/ssp10.pl\/strona\/wp-json\/wp\/v2\/pages"}],"about":[{"href":"https:\/\/ssp10.pl\/strona\/wp-json\/wp\/v2\/types\/page"}],"author":[{"embeddable":true,"href":"https:\/\/ssp10.pl\/strona\/wp-json\/wp\/v2\/users\/1"}],"replies":[{"embeddable":true,"href":"https:\/\/ssp10.pl\/strona\/wp-json\/wp\/v2\/comments?post=16372"}],"version-history":[{"count":9,"href":"https:\/\/ssp10.pl\/strona\/wp-json\/wp\/v2\/pages\/16372\/revisions"}],"predecessor-version":[{"id":23584,"href":"https:\/\/ssp10.pl\/strona\/wp-json\/wp\/v2\/pages\/16372\/revisions\/23584"}],"wp:attachment":[{"href":"https:\/\/ssp10.pl\/strona\/wp-json\/wp\/v2\/media?parent=16372"}],"curies":[{"name":"wp","href":"https:\/\/api.w.org\/{rel}","templated":true}]}}