{"id":16349,"date":"2021-08-23T20:57:15","date_gmt":"2021-08-23T18:57:15","guid":{"rendered":"http:\/\/ssp10.pl\/strona\/?page_id=16349"},"modified":"2023-12-08T12:40:43","modified_gmt":"2023-12-08T11:40:43","slug":"stan-powietrza","status":"publish","type":"page","link":"https:\/\/ssp10.pl\/strona\/stan-powietrza\/","title":{"rendered":"Stan powietrza"},"content":{"rendered":"<h2>Stan powietrza przy budynku szkolnym<\/h2>\n11-07-2025 11:08 <a href=\"\">Od\u015bwie\u017c<\/a><br>\r\n  <table><tr><td style=\"font-weight:bold;\">\r\n  PM2.5 = 6 \u21d4 24% <span style=\"background-color:#0879FF\">\u25c6 Bardzo dobry\u00a0<\/span>\r\n  <\/td><\/tr>\r\n  <tr><td  style=\"font-weight:bold;\">\r\n  PM10 = 7 \u21d4 14% <span style=\"background-color:#0879FF\">\u25c6 Bardzo dobry\u00a0<\/span>\r\n  <\/td><\/tr>\r\n  <tr><td  style=\"font-weight:bold;\">PM1 = 4<\/td><\/tr><\/table>\n<div>Dane pochodz\u0105 z czujnika zainstalowanego na zewn\u0105trz, przy drzwiach wej\u015bciowych naszej szko\u0142y. Czujnik mo\u017cna tak\u017ce znale\u017a\u0107 na og\u00f3lnopolskiej <a href=\"http:\/\/looko2.com\/heatmap.php\" target=\"_blank\" rel=\"noopener\">mapie czujnik\u00f3w LOOKO2<\/a>. Dodatkowo czujnik informuje wizualnie o stanie powietrza za pomoc\u0105 kolorowych lampek kontrolnych. Podczas mg\u0142y wyniki pomiar\u00f3w mog\u0105 by\u0107 zawy\u017cone.<\/div>\n","protected":false},"excerpt":{"rendered":"<p>Stan powietrza przy budynku szkolnym Dane pochodz\u0105 z czujnika zainstalowanego na zewn\u0105trz, przy drzwiach wej\u015bciowych naszej szko\u0142y. Czujnik mo\u017cna tak\u017ce znale\u017a\u0107 na og\u00f3lnopolskiej mapie czujnik\u00f3w LOOKO2. Dodatkowo czujnik informuje wizualnie&#8230;<\/p>\n","protected":false},"author":1,"featured_media":0,"parent":0,"menu_order":0,"comment_status":"closed","ping_status":"closed","template":"","meta":[],"_links":{"self":[{"href":"https:\/\/ssp10.pl\/strona\/wp-json\/wp\/v2\/pages\/16349"}],"collection":[{"href":"https:\/\/ssp10.pl\/strona\/wp-json\/wp\/v2\/pages"}],"about":[{"href":"https:\/\/ssp10.pl\/strona\/wp-json\/wp\/v2\/types\/page"}],"author":[{"embeddable":true,"href":"https:\/\/ssp10.pl\/strona\/wp-json\/wp\/v2\/users\/1"}],"replies":[{"embeddable":true,"href":"https:\/\/ssp10.pl\/strona\/wp-json\/wp\/v2\/comments?post=16349"}],"version-history":[{"count":9,"href":"https:\/\/ssp10.pl\/strona\/wp-json\/wp\/v2\/pages\/16349\/revisions"}],"predecessor-version":[{"id":21876,"href":"https:\/\/ssp10.pl\/strona\/wp-json\/wp\/v2\/pages\/16349\/revisions\/21876"}],"wp:attachment":[{"href":"https:\/\/ssp10.pl\/strona\/wp-json\/wp\/v2\/media?parent=16349"}],"curies":[{"name":"wp","href":"https:\/\/api.w.org\/{rel}","templated":true}]}}