{"id":19923,"date":"2022-08-25T07:47:16","date_gmt":"2022-08-25T05:47:16","guid":{"rendered":"http:\/\/ssp10.pl\/strona\/?page_id=19923"},"modified":"2025-11-14T12:57:45","modified_gmt":"2025-11-14T11:57:45","slug":"obiady","status":"publish","type":"page","link":"http:\/\/ssp10.pl\/strona\/obiady\/","title":{"rendered":"Obiady"},"content":{"rendered":"\n<h2>Obiady 2025\/26<\/h2>\n\n\n\n<p>Dostawc\u0105 obiad\u00f3w w SSP 10 STO w roku szkolnym 2025\/2026 jest firma Mega Catering. Posi\u0142ki zamawiane s\u0105 za pomoc\u0105 systemu \/ aplikacji Zam\u00f3w Posi\u0142ek.<\/p>\n\n\n\n<p><strong>Rejestracja&nbsp;<\/strong><\/p>\n\n\n\n<p>Aby zarejestrowa\u0107 si\u0119, nale\u017cy wej\u015b\u0107 na stron\u0119 przez <a href=\"https:\/\/aplikacja.zamowposilek.pl\/parent_registration\/edit?company_sufix=mega_catering_marki&amp;token=b5e5dcfc\" target=\"_blank\" rel=\"noreferrer noopener\"><strong>ten link<\/strong><\/a>:<\/p>\n\n\n\n<p><strong>Zasady p\u0142atno\u015bci&nbsp;<\/strong><\/p>\n\n\n\n<ul>\n<li>Posi\u0142ki zamawia si\u0119 na ca\u0142y miesi\u0105c \u2013 dodaj\u0105c dania do \u201ekoszyka\u201d, a nast\u0119pnie dokonuj\u0105c p\u0142atno\u015bci przy podsumowaniu.<\/li>\n\n\n\n<li>Po wyborze jad\u0142ospisu na dany miesi\u0105c \u2013 nale\u017cy pami\u0119ta\u0107 o p\u0142atno\u015bci! Sam wyb\u00f3r da\u0144 nie oznacza zam\u00f3wienia \u2013 konieczne jest ich op\u0142acenie.&nbsp;<\/li>\n<\/ul>\n\n\n\n<p><strong>Zasady zamawiania i anulowania<\/strong><\/p>\n\n\n\n<ul>\n<li>Menu na kolejny miesi\u0105c pojawia si\u0119 w systemie do 25. dnia bie\u017c\u0105cego miesi\u0105ca.<\/li>\n\n\n\n<li>Zam\u00f3wienia nale\u017cy z\u0142o\u017cy\u0107 do 28. dnia miesi\u0105ca, do godziny 23:59. Po tym terminie mo\u017cliwo\u015b\u0107 zamawiania jest zablokowana. Przyk\u0142ad: zam\u00f3wienie obiad\u00f3w na kwiecie\u0144 nale\u017cy z\u0142o\u017cy\u0107 do 28 marca, do godz. 23:59.<\/li>\n\n\n\n<li>Posi\u0142ki mo\u017cna anulowa\u0107 do godziny 7:55 w dniu wydania.<\/li>\n\n\n\n<li>W zak\u0142adce <mark class=\"has-inline-color has-vivid-red-color\" style=\"background-color: rgba(0, 0, 0, 0);\">Zam\u00f3w posi\u0142ek \u2192 Pojedyncze zam\u00f3wienia<\/mark>, mo\u017cna wybra\u0107 opcj\u0119 \u201epoka\u017c na stronie: wszystkie menu\u201d (dost\u0119p do da\u0144 mi\u0119snych i wegetaria\u0144skich). To najlepszy spos\u00f3b zamawiania obiad\u00f3w na ca\u0142y miesi\u0105c.<\/li>\n\n\n\n<li>W zak\u0142adce <mark class=\"has-inline-color has-vivid-red-color\" style=\"background-color: rgba(0, 0, 0, 0);\">Jad\u0142ospis <\/mark>mo\u017cna przejrze\u0107 tygodniowe menu.<\/li>\n<\/ul>\n\n\n\n<p>Dodatkowo w aplikacji dost\u0119pne s\u0105 informacje o alergenach.<\/p>\n\n\n\n<p><strong>Aplikacja mobilna<\/strong><\/p>\n\n\n\n<p>Aplikacja <em><strong>Zam\u00f3w Posi\u0142ek<\/strong><\/em> jest dost\u0119pna w Sklepie Play i App Store.<\/p>\n\n\n\n<p><strong>Cennik posi\u0142k\u00f3w<\/strong><\/p>\n\n\n\n<ul>\n<li>Zupa 250 ml \u2013 6 z\u0142 brutto<\/li>\n\n\n\n<li>Babcine przysmaki 300 g \u2013 14 z\u0142 brutto<\/li>\n\n\n\n<li>Danie wegetaria\u0144skie 400 g \u2013 18 z\u0142 brutto<\/li>\n\n\n\n<li>Danie mi\u0119sne ma\u0142e 300 g \u2013 18 z\u0142 brutto<\/li>\n\n\n\n<li>Danie mi\u0119sne standardowe 400 g \u2013 21 z\u0142 brutto<\/li>\n<\/ul>\n\n\n\n<p><strong>Pomoc i kontakt<\/strong><\/p>\n\n\n\n<p>W przypadku problem\u00f3w technicznych:<\/p>\n\n\n\n<ul>\n<li>kontakt z Biurem Obs\u0142ugi Klienta: bok@zamowposilek.pl<\/li>\n\n\n\n<li>instrukcja w aplikacji w zak\u0142adce Pomoc<\/li>\n\n\n\n<li>opcja Wy\u015blij wiadomo\u015b\u0107 w aplikacji<\/li>\n<\/ul>\n\n\n\n<p><strong>&nbsp;Pytania dotycz\u0105ce jad\u0142ospisu i diet prosimy kierowa\u0107 bezpo\u015brednio do dostawcy posi\u0142k\u00f3w<\/strong><\/p>\n\n\n\n<ul>\n<li>e-mail: szkola@mega-catering.pl<\/li>\n\n\n\n<li>telefon: 727 400 447<\/li>\n\n\n\n<li>zak\u0142adka Pomoc w aplikacji<\/li>\n<\/ul>\n","protected":false},"excerpt":{"rendered":"<p>Obiady 2025\/26 Dostawc\u0105 obiad\u00f3w w SSP 10 STO w roku szkolnym 2025\/2026 jest firma Mega Catering. Posi\u0142ki zamawiane s\u0105 za pomoc\u0105 systemu \/ aplikacji Zam\u00f3w Posi\u0142ek. Rejestracja&nbsp; Aby zarejestrowa\u0107 si\u0119,&#8230;<\/p>\n","protected":false},"author":1,"featured_media":0,"parent":0,"menu_order":0,"comment_status":"closed","ping_status":"closed","template":"","meta":[],"_links":{"self":[{"href":"http:\/\/ssp10.pl\/strona\/wp-json\/wp\/v2\/pages\/19923"}],"collection":[{"href":"http:\/\/ssp10.pl\/strona\/wp-json\/wp\/v2\/pages"}],"about":[{"href":"http:\/\/ssp10.pl\/strona\/wp-json\/wp\/v2\/types\/page"}],"author":[{"embeddable":true,"href":"http:\/\/ssp10.pl\/strona\/wp-json\/wp\/v2\/users\/1"}],"replies":[{"embeddable":true,"href":"http:\/\/ssp10.pl\/strona\/wp-json\/wp\/v2\/comments?post=19923"}],"version-history":[{"count":16,"href":"http:\/\/ssp10.pl\/strona\/wp-json\/wp\/v2\/pages\/19923\/revisions"}],"predecessor-version":[{"id":23435,"href":"http:\/\/ssp10.pl\/strona\/wp-json\/wp\/v2\/pages\/19923\/revisions\/23435"}],"wp:attachment":[{"href":"http:\/\/ssp10.pl\/strona\/wp-json\/wp\/v2\/media?parent=19923"}],"curies":[{"name":"wp","href":"https:\/\/api.w.org\/{rel}","templated":true}]}}