{"id":17568,"date":"2021-09-01T15:53:53","date_gmt":"2021-09-01T13:53:53","guid":{"rendered":"http:\/\/ssp10.pl\/strona\/?page_id=17568"},"modified":"2021-11-26T10:12:59","modified_gmt":"2021-11-26T09:12:59","slug":"ppp-koncentracja-uwagi-2","status":"publish","type":"page","link":"http:\/\/ssp10.pl\/strona\/ppp-koncentracja-uwagi-2\/","title":{"rendered":"PPP Koncentracja uwagi"},"content":{"rendered":"<h3>Drogi Rodzicu!<\/h3>\n<p>Je\u015bli zauwa\u017cysz, \u017ce Twoje dziecko \u0142atwo si\u0119 rozprasza, jest pobudzone, nie mo\u017ce si\u0119 skupi\u0107 na wykonywanych zadaniach, wesprzyj je i zach\u0119caj do \u0107wicze\u0144, kt\u00f3re znajdziesz ni\u017cej.<\/p>\n<h3>Propozycje zabaw wspomagaj\u0105cych koncentracj\u0119 dzieci<\/h3>\n<ul>\n<li><span style=\"color: #3366ff;\"><strong>Wyraz na ostatni\u0105 liter\u0119 wyrazu poprzedniego<\/strong><\/span><em> \u2013 <\/em>podajemy dziecku wyraz, a ono musi poda\u0107 taki, kt\u00f3ry b\u0119dzie zaczyna\u0107 si\u0119 na ostatni\u0105 liter\u0119 tego wyrazu.<\/li>\n<li><span style=\"color: #3366ff;\"><strong>Gra memory <\/strong><\/span>\u2013 polega na tym, \u017ce trzeba zapami\u0119ta\u0107 pary odwr\u00f3conych obrazk\u00f3w i odnale\u017a\u0107 je. Obrazki mo\u017cna tworzy\u0107 wsp\u00f3lnie!<\/li>\n<li><span style=\"color: #3366ff;\"><strong>Selekcjonowanie i sortowanie <\/strong><\/span>\u2013 to wszelkie zabawy, w kt\u00f3rych dziecko ma za zadanie skategoryzowa\u0107 przedmioty, a nast\u0119pnie pogrupowa\u0107 je zgodnie z funkcj\u0105\/kszta\u0142tem\/kolorem etc.<\/li>\n<li><span style=\"color: #3366ff;\"><strong>Wsp\u00f3lne czytanie <\/strong><\/span><em>\u2013 <\/em>czytamy z dzieckiem na zmian\u0119; w trakcie czytania <span style=\"text-decoration: line-through;\">\u00a0<\/span>\u00a0dziecko \u015bledzi palcem poszczeg\u00f3lne linijki.<\/li>\n<li><span style=\"color: #3366ff;\"><strong>Kla\u015bnij, kiedy us\u0142yszysz<\/strong><\/span><em> \u2013 <\/em>zadaniem dziecka jest kla\u015bni\u0119cie w d\u0142onie na d\u017awi\u0119k ustalonego wcze\u015bniej s\u0142owa.<\/li>\n<li><span style=\"color: #3366ff;\"><strong>Odtwarzanie rytmu<\/strong><\/span><em> \u2013 <\/em>powtarzanie konkretnej kombinacji dzi\u0119k\u00f3w przy u\u017cyciu d\u0142oni, st\u00f3p oraz wszelkiego rodzaju instrument\u00f3w. <span style=\"text-decoration: line-through;\">\u00a0<\/span><\/li>\n<li><span style=\"color: #3366ff;\"><strong>Rysowanie na plecach<\/strong><\/span> <em>\u2013<\/em> rodzic rysuje na plecach dziecka okre\u015blony kszta\u0142t, liter\u0119 lub cyfr\u0119. Zadaniem dziecka jest odgadni\u0119cie, co rodzic narysowa\u0142.<\/li>\n<li><span style=\"color: #3366ff;\"><strong>Zgadnij, co si\u0119 zmieni\u0142o<\/strong><\/span> <em>\u2013 <\/em>pokazujemy dziecku przedmioty lub obrazki u\u0142o\u017cone w okre\u015blony spos\u00f3b. Dziecko przygl\u0105da si\u0119 ich uk\u0142adowi, zapami\u0119tuje je i zamyka oczy. W tym czasie rodzic wprowadza jak\u0105\u015b zmian\u0119, a dziecko odgaduje, co si\u0119 zmieni\u0142o.<\/li>\n<li><span style=\"color: #3366ff;\"><strong>R\u00f3\u017cnice<\/strong><\/span><em> \u2013 <\/em>zadaniem dziecka jest odnalezienie r\u00f3\u017cnic pomi\u0119dzy dwoma obrazkami.<\/li>\n<li><span style=\"color: #3366ff;\"><strong>\u201eIdziemy na zakupy\u2026\u201d<\/strong><\/span> &#8211; wsp\u00f3lne tworzenie listy zakup\u00f3w. Rodzic mo\u017ce zapisa\u0107 je na kartce, a dziecko stara si\u0119 zapami\u0119ta\u0107 jak najwi\u0119cej produkt\u00f3w z tej listy. Podczas zakup\u00f3w w sklepie rodzic sprawdza, ile produkt\u00f3w dziecko zapami\u0119ta\u0142o.<\/li>\n<li><span style=\"color: #3366ff;\"><strong>\u201eMucha\u201d<\/strong><\/span> \u2013 rysujemy kwadrat sk\u0142adaj\u0105cy si\u0119 z 9 p\u00f3l. Mucha rozpoczyna swoj\u0105 podr\u00f3\u017c ze \u015brodkowego pola. Nast\u0119pnie m\u00f3wimy powoli, gdzie kieruje si\u0119 mucha, a zadaniem dziecka jest uwa\u017cne \u015bledzenie jej ruchu oraz zareagowanie, kiedy wyjdzie poza jego granice.<\/li>\n<li><span style=\"color: #3366ff;\"><strong>Puzzle, krzy\u017c\u00f3wki, \u0142amig\u0142\u00f3wki i wszelkiego rodzaju uk\u0142adanki<\/strong><\/span><em> \u2013 <\/em>doskonale pobudzaj\u0105 my\u015blenie, wyobra\u017ani\u0119, wzbogacaj\u0105 s\u0142ownictwo, poprawiaj\u0105 koordynacj\u0119 wzrokowo-ruchow\u0105.<\/li>\n<\/ul>\n","protected":false},"excerpt":{"rendered":"<p>Drogi Rodzicu! Je\u015bli zauwa\u017cysz, \u017ce Twoje dziecko \u0142atwo si\u0119 rozprasza, jest pobudzone, nie mo\u017ce si\u0119 skupi\u0107 na wykonywanych zadaniach, wesprzyj je i zach\u0119caj do \u0107wicze\u0144, kt\u00f3re znajdziesz ni\u017cej. Propozycje zabaw&#8230;<\/p>\n","protected":false},"author":1,"featured_media":0,"parent":0,"menu_order":0,"comment_status":"closed","ping_status":"closed","template":"","meta":[],"_links":{"self":[{"href":"http:\/\/ssp10.pl\/strona\/wp-json\/wp\/v2\/pages\/17568"}],"collection":[{"href":"http:\/\/ssp10.pl\/strona\/wp-json\/wp\/v2\/pages"}],"about":[{"href":"http:\/\/ssp10.pl\/strona\/wp-json\/wp\/v2\/types\/page"}],"author":[{"embeddable":true,"href":"http:\/\/ssp10.pl\/strona\/wp-json\/wp\/v2\/users\/1"}],"replies":[{"embeddable":true,"href":"http:\/\/ssp10.pl\/strona\/wp-json\/wp\/v2\/comments?post=17568"}],"version-history":[{"count":5,"href":"http:\/\/ssp10.pl\/strona\/wp-json\/wp\/v2\/pages\/17568\/revisions"}],"predecessor-version":[{"id":18759,"href":"http:\/\/ssp10.pl\/strona\/wp-json\/wp\/v2\/pages\/17568\/revisions\/18759"}],"wp:attachment":[{"href":"http:\/\/ssp10.pl\/strona\/wp-json\/wp\/v2\/media?parent=17568"}],"curies":[{"name":"wp","href":"https:\/\/api.w.org\/{rel}","templated":true}]}}