{"id":17486,"date":"2021-08-31T13:51:52","date_gmt":"2021-08-31T11:51:52","guid":{"rendered":"http:\/\/ssp10.pl\/strona\/?page_id=17486"},"modified":"2021-08-31T15:14:49","modified_gmt":"2021-08-31T13:14:49","slug":"jezyki-obce","status":"publish","type":"page","link":"http:\/\/ssp10.pl\/strona\/jezyki-obce\/","title":{"rendered":"J\u0119zyki obce"},"content":{"rendered":"<p><img decoding=\"async\" loading=\"lazy\" class=\"alignnone wp-image-17491 size-full\" src=\"http:\/\/ssp10.pl\/strona\/wp-content\/uploads\/2021\/08\/jezyki-obce-Word-Art-2.jpeg\" alt=\"\" width=\"924\" height=\"540\" srcset=\"http:\/\/ssp10.pl\/strona\/wp-content\/uploads\/2021\/08\/jezyki-obce-Word-Art-2.jpeg 924w, http:\/\/ssp10.pl\/strona\/wp-content\/uploads\/2021\/08\/jezyki-obce-Word-Art-2-300x175.jpeg 300w, http:\/\/ssp10.pl\/strona\/wp-content\/uploads\/2021\/08\/jezyki-obce-Word-Art-2-768x449.jpeg 768w\" sizes=\"(max-width: 924px) 100vw, 924px\" \/><\/p>\n<p><strong><span style=\"color: #ff0000;\">D<\/span>E<span style=\"color: #ffcc00;\">U<\/span>T<span style=\"color: #ff0000;\">S<span style=\"color: #ffcc00;\">C<\/span><\/span>H<\/strong> \u2013 Znajomo\u015b\u0107 j\u0119zyka niemieckiego to furtka do sukcesu w \u017cyciu zawodowym i satysfakcja z pos\u0142ugiwania si\u0119 j\u0119zykiem wielkich my\u015blicieli, filozof\u00f3w, poet\u00f3w i kompozytor\u00f3w. Geograficzna blisko\u015b\u0107 najmocniejszej gospodarki Europy, a co za tym idzie, silne relacje handlowe naszych kraj\u00f3w, zwi\u0119kszaj\u0105 szanse na dobr\u0105 prac\u0119 i komfortowe \u017cycie. Dlatego stawiamy na j\u0119zyk niemiecki i nauczamy go ju\u017c od pierwszej klasy. Herzlich willkommen!<\/p>\n<p><strong><span style=\"color: #ff0000;\">R<\/span>OZW\u00d3J<\/strong> &#8211; Starannie opracowany plan rozwoju j\u0119zykowego dla wszystkich nauczanych j\u0119zyk\u00f3w obcych zapewnia skuteczno\u015b\u0107 nauki j\u0119zyka obcego. Nasz plan oparty zosta\u0142 o Europejski System Opisu Kszta\u0142cenia J\u0119zykowego i zintegrowany z systemem certyfikowania Cambridge English Language Assessment, \u00d6sterreichisches Sprachdiplom Deutsch (\u00d6SD) i Instytut Cervantesa.<\/p>\n<p><strong><span style=\"color: #ff0000;\">E<\/span><span style=\"color: #0000ff;\">N<\/span><span style=\"color: #0099ff;\">G<\/span><span style=\"color: #ff0000;\">L<\/span><span style=\"color: #0000ff;\">I<\/span><span style=\"color: #0099ff;\">S<\/span><span style=\"color: #ff0000;\">H<\/span><\/strong> \u2013 Do nauki j\u0119zyka angielskiego nikogo nie trzeba przekonywa\u0107, ale dok\u0142adamy wszelkich stara\u0144, aby nasza pasja i zaanga\u017cowanie otworzy\u0142y okno na \u015bwiat. Stwarzamy mo\u017cliwo\u015b\u0107 poznania innych kultur, realizowania swoich zainteresowa\u0144 oraz zdobycia praktycznych umiej\u0119tno\u015bci daj\u0105cych szanse na rozw\u00f3j osobisty, a w przysz\u0142o\u015bci sukces w \u017cyciu zawodowym. Enjoy the ride!<\/p>\n<p><strong><span style=\"color: #ff0000;\">A<\/span>KTYWIZUJ\u0104CE METODY PRACY<\/strong> \u2013 Nasze lekcje planujemy tak, by by\u0142y efektywne, atrakcyjne i bazowa\u0142y na r\u00f3\u017cnorodnych metodach dostosowanych do potrzeb grupy, co pozwala nam na indywidualne podej\u015bcie do ka\u017cdego ucznia. Grupy j\u0119zykowe s\u0105 ma\u0142e, dzi\u0119ki czemu wzrasta efektywno\u015b\u0107 i rado\u015b\u0107 z nauki j\u0119zyka obcego.<\/p>\n<p><strong><span style=\"color: #ff0000;\">M<\/span>ETODA KOMUNIKATYWNA<\/strong> \u2013 Nasi absolwenci potrafi\u0105 sprawnie komunikowa\u0107 si\u0119 w j\u0119zykach obcych, co jest bardzo wa\u017cne we wsp\u00f3\u0142czesnym, zglobalizowanym \u015bwiecie. Skuteczna komunikacja jest nadrz\u0119dnym celem, do kt\u00f3rego d\u0105\u017cymy na naszych lekcjach. Stwarzamy warunki do u\u017cywania j\u0119zyka obcego na lekcji, organizujemy warsztaty i projekty oraz wyjazdy kulturowo-j\u0119zykowe do kraj\u00f3w angloj\u0119zycznych, niemieckoj\u0119zycznych i hiszpa\u0144skoj\u0119zycznych.<\/p>\n<p>&nbsp;<\/p>\n<p><strong><span style=\"color: #ff0000;\">T<\/span>ECHNOLOGIE INFORMACYJNE I KOMPUTEROWE<\/strong> (TIK) \u2013 Idziemy z duchem czasu i korzystamy z nowoczesnych technologii w nauczaniu j\u0119zyk\u00f3w obcych. Nasi uczniowie ucz\u0105 si\u0119 s\u0142ownictwa i gramatyki oraz rozwijaj\u0105 sprawno\u015bci j\u0119zykowe dzi\u0119ki specjalnie dla nich przygotowywanym materia\u0142om na platformach edukacyjnych. Na lekcjach \u0107wicz\u0105, utrwalaj\u0105 materia\u0142 i \u015bwietnie si\u0119 bawi\u0105, korzystaj\u0105c z tablic interaktywnych, iPad\u00f3w czy smartfon\u00f3w.<\/p>\n<p><strong><span style=\"color: #ff0000;\">E<\/span>S<span style=\"color: #ffcc00;\">P<\/span><span style=\"color: #ff0000;\">A<\/span>\u00d1<span style=\"color: #ffcc00;\">O<\/span><span style=\"color: #ff0000;\">L<\/span><\/strong>&#8211; Zabawa i wsp\u00f3\u0142praca jest kluczowym elementem nauczania j\u0119zyka hiszpa\u0144skiego w naszej szkole. Komunikujemy si\u0119 &#8211; prowadzimy dialogi, opowiadamy historie, wsp\u00f3lnie czytamy, gramy i \u015bpiewamy. Wykonujemy projekty lub zadania manualne. Naszym celem jest przyci\u0105gni\u0119cie uwagi uczni\u00f3w, utrzymanie ich motywacji i rado\u015bci podczas nauki j\u0119zyka hiszpa\u0144skiego. \u00a1Nos vemos pronto!<\/p>\n<p><strong><span style=\"color: #ff0000;\">A<\/span>TMOSFERA<\/strong> \u2013 Relacje mi\u0119dzy nauczycielami a uczniami i relacje r\u00f3wie\u015bnicze mog\u0105 zawa\u017cy\u0107 na skuteczno\u015bci nauczania, dlatego robimy wszystko, by nasi uczniowie czuli si\u0119 bezpiecznie na lekcjach, byli wa\u017cnym cz\u0142onkiem swojej grupy, ch\u0119tnie uczestniczyli w zaj\u0119ciach i czerpali rado\u015b\u0107 z nauki j\u0119zyk\u00f3w obcych.<\/p>\n<p><strong><span style=\"color: #ff0000;\">M<\/span>OTYWACJA<\/strong> \u2013 Podejmujemy r\u00f3\u017cnorakie dzia\u0142ania wspieraj\u0105ce motywacj\u0119 naszych uczni\u00f3w do nauki j\u0119zyk\u00f3w obcych. Na wczesnym etapie nauczania dbamy o to, by nasi najm\u0142odsi uczniowie uczyli si\u0119 przez zabaw\u0119, wykorzystuj\u0105c metod\u0119 reagowania ca\u0142ym cia\u0142em, \u015bpiewaj\u0105c rytmiczne piosenki, odgrywaj\u0105c scenki czy graj\u0105c w gry j\u0119zykowe. Naszym starszym podopiecznym organizujemy wyj\u015bcia, warsztaty, projekty i zagraniczne wyjazdy kulturowo-j\u0119zykowe. Wszystkim zapewniamy mo\u017cliwo\u015b\u0107 uczestnictwa w zaj\u0119ciach dodatkowych rozwijaj\u0105cych pasje i zainteresowania j\u0119zykowe oraz licznych konkursach.<\/p>\n","protected":false},"excerpt":{"rendered":"<p>DEUTSCH \u2013 Znajomo\u015b\u0107 j\u0119zyka niemieckiego to furtka do sukcesu w \u017cyciu zawodowym i satysfakcja z pos\u0142ugiwania si\u0119 j\u0119zykiem wielkich my\u015blicieli, filozof\u00f3w, poet\u00f3w i kompozytor\u00f3w. Geograficzna blisko\u015b\u0107 najmocniejszej gospodarki Europy, a&#8230;<\/p>\n","protected":false},"author":1,"featured_media":0,"parent":0,"menu_order":0,"comment_status":"closed","ping_status":"closed","template":"","meta":[],"_links":{"self":[{"href":"http:\/\/ssp10.pl\/strona\/wp-json\/wp\/v2\/pages\/17486"}],"collection":[{"href":"http:\/\/ssp10.pl\/strona\/wp-json\/wp\/v2\/pages"}],"about":[{"href":"http:\/\/ssp10.pl\/strona\/wp-json\/wp\/v2\/types\/page"}],"author":[{"embeddable":true,"href":"http:\/\/ssp10.pl\/strona\/wp-json\/wp\/v2\/users\/1"}],"replies":[{"embeddable":true,"href":"http:\/\/ssp10.pl\/strona\/wp-json\/wp\/v2\/comments?post=17486"}],"version-history":[{"count":11,"href":"http:\/\/ssp10.pl\/strona\/wp-json\/wp\/v2\/pages\/17486\/revisions"}],"predecessor-version":[{"id":17504,"href":"http:\/\/ssp10.pl\/strona\/wp-json\/wp\/v2\/pages\/17486\/revisions\/17504"}],"wp:attachment":[{"href":"http:\/\/ssp10.pl\/strona\/wp-json\/wp\/v2\/media?parent=17486"}],"curies":[{"name":"wp","href":"https:\/\/api.w.org\/{rel}","templated":true}]}}