{"id":17257,"date":"2021-08-30T08:01:05","date_gmt":"2021-08-30T06:01:05","guid":{"rendered":"http:\/\/ssp10.pl\/strona\/?page_id=17257"},"modified":"2021-10-15T18:11:46","modified_gmt":"2021-10-15T16:11:46","slug":"klub-wolontariatu-ostoja","status":"publish","type":"page","link":"http:\/\/ssp10.pl\/strona\/klub-wolontariatu-ostoja\/","title":{"rendered":"Klub Wolontariatu oSTOja"},"content":{"rendered":"<p>S\u0142owa hymnu Fundacji ,,\u015awiat na Tak\u201d sta\u0142y si\u0119 inspiracj\u0105 dzia\u0142ania Szkolnego Klubu Wolontariatu &#8222;oSTOja&#8221;, kt\u00f3ry rozpocz\u0105\u0142 swoj\u0105 dzia\u0142alno\u015b\u0107 w 2017r. M\u0142odzi ludzie, anga\u017cuj\u0105c si\u0119 w liczne dzia\u0142ania na rzecz potrzebuj\u0105cych, maj\u0105 jednocze\u015bnie mo\u017cliwo\u015b\u0107 efektywnie wykorzystywa\u0107 swoje umiej\u0119tno\u015bci i zapa\u0142, nie tylko na terenie szko\u0142y, ale tak\u017ce dzielnicy i Warszawy.<\/p>\n<p>Wsp\u00f3\u0142pracujmy z Domem Dziecka przy ul. \u0141ukowskiej, \u015bwietlic\u0105 \u015brodowiskow\u0105 TPD przy ul. Grochowskiej, Domem Samotnej Matki przy ul. Szymanowskiego. Dwa lata temu zaanga\u017cowali\u015bmy si\u0119 w pomoc dla Senior\u00f3w z Domu Pomocy Spo\u0142ecznej im. Matysiak\u00f3w. Nowe do\u015bwiadczenie sta\u0142o si\u0119 sposobem na wsparcie aktywno\u015bci ludzi starszych opartym na wsp\u00f3\u0142towarzyszeniu, czyli po prostu byciu razem. Przed \u015bwi\u0119tami Bo\u017cego Narodzenia organizujemy akcj\u0119 Spe\u0142nij Jedno Marzenie, przygotowuj\u0105c paczki \u015bwi\u0105teczne dla zaprzyja\u017anionych dzieci. Poza tym organizujemy kiermasze, prowadzimy zbi\u00f3rki charytatywne, pomagamy na szkolnej \u015bwietlicy.<\/p>\n<p>Praca w \u201eoSTOi\u201d daje zadowolenie i satysfakcj\u0119. Wolontariusze pomagaj\u0105 z potrzeby serca, a swoj\u0105 postaw\u0105 potwierdzaj\u0105 gotowo\u015b\u0107 do bycia dla innych.<br \/>Dzia\u0142alno\u015b\u0107 naszego klubu zosta\u0142a zauwa\u017cona i doceniona, czego dowodem jest uzyskanie wyr\u00f3\u017cnienia w Dzielnicowym Konkursie \u201eWyr\u00f3\u017cniony Wolontariusz\u201d oraz tytu\u0142u laureata w kategorii Grupy \u00d3semeczki w Sto\u0142ecznym Samorz\u0105dowym Konkursie Nastolatk\u00f3w \u201eO\u015bmiu Wspania\u0142ych\u201d. Du\u017c\u0105 satysfakcj\u0119 daj\u0105 nam r\u00f3wnie\u017c liczne podzi\u0119kowania i dowody sympatii ze strony os\u00f3b, kt\u00f3rym pomagamy. Do\u0142\u0105cz do nas i zmieniaj \u015bwiat na tak!<\/p>\n<p>Opiekunowie Szkolnego Klubu Wolontariatu \u201eoSTOja\u201d:<\/p>\n<ul>\n<li>p. Edyta Fra\u0144czuk<\/li>\n<li>p. Ewa D\u0105bek<\/li>\n<li>p. Ma\u0142gorzata Janczk-Hulewicz<\/li>\n<li>p. Andrzej Hulewicz<\/li>\n<\/ul>\n\n\n<p>Regulamin Klubu oSTOja jest dost\u0119pny w dziale Dokumenty i druki.<\/p>\n","protected":false},"excerpt":{"rendered":"<p>S\u0142owa hymnu Fundacji ,,\u015awiat na Tak\u201d sta\u0142y si\u0119 inspiracj\u0105 dzia\u0142ania Szkolnego Klubu Wolontariatu &#8222;oSTOja&#8221;, kt\u00f3ry rozpocz\u0105\u0142 swoj\u0105 dzia\u0142alno\u015b\u0107 w 2017r. M\u0142odzi ludzie, anga\u017cuj\u0105c si\u0119 w liczne dzia\u0142ania na rzecz potrzebuj\u0105cych,&#8230;<\/p>\n","protected":false},"author":1,"featured_media":0,"parent":0,"menu_order":0,"comment_status":"closed","ping_status":"closed","template":"","meta":[],"_links":{"self":[{"href":"http:\/\/ssp10.pl\/strona\/wp-json\/wp\/v2\/pages\/17257"}],"collection":[{"href":"http:\/\/ssp10.pl\/strona\/wp-json\/wp\/v2\/pages"}],"about":[{"href":"http:\/\/ssp10.pl\/strona\/wp-json\/wp\/v2\/types\/page"}],"author":[{"embeddable":true,"href":"http:\/\/ssp10.pl\/strona\/wp-json\/wp\/v2\/users\/1"}],"replies":[{"embeddable":true,"href":"http:\/\/ssp10.pl\/strona\/wp-json\/wp\/v2\/comments?post=17257"}],"version-history":[{"count":3,"href":"http:\/\/ssp10.pl\/strona\/wp-json\/wp\/v2\/pages\/17257\/revisions"}],"predecessor-version":[{"id":18451,"href":"http:\/\/ssp10.pl\/strona\/wp-json\/wp\/v2\/pages\/17257\/revisions\/18451"}],"wp:attachment":[{"href":"http:\/\/ssp10.pl\/strona\/wp-json\/wp\/v2\/media?parent=17257"}],"curies":[{"name":"wp","href":"https:\/\/api.w.org\/{rel}","templated":true}]}}