{"id":16475,"date":"2021-08-24T13:17:38","date_gmt":"2021-08-24T11:17:38","guid":{"rendered":"http:\/\/ssp10.pl\/strona\/?page_id=16475"},"modified":"2025-02-16T09:20:01","modified_gmt":"2025-02-16T08:20:01","slug":"przewodniczacy-zespolow-przedmiotowych","status":"publish","type":"page","link":"http:\/\/ssp10.pl\/strona\/przewodniczacy-zespolow-przedmiotowych\/","title":{"rendered":"Przewodnicz\u0105cy zespo\u0142\u00f3w przedmiotowych"},"content":{"rendered":"<h2>Zespo\u0142y przedmiotowe w SSP10 w roku szk. 2024\/25 prowadz\u0105:<\/h2>\n<ul>\n<li>Zesp\u00f3\u0142 edukacji wczesnoszkolnej &#8211; Ma\u0142gorzata Janowska<\/li>\n<li>Zesp\u00f3\u0142 humanistyczny &#8211; Renata Skarbecka<\/li>\n<li>Zesp\u00f3\u0142 matematyczno-informatyczny &#8211; Weronika Latoch<\/li>\n<li>Zesp\u00f3\u0142 j\u0119zyk\u00f3w obcych &#8211; Anna Sad\u0142o\u0144<\/li>\n<li>Zesp\u00f3\u0142 przyrodniczy &#8211; Izabela Szajko-Magier<\/li>\n<li>Zesp\u00f3\u0142 wychowania fizycznego &#8211; Mariusz Kisiel<\/li>\n<li>Zesp\u00f3\u0142 artystyczny &#8211; Justyna Obzejta<\/li>\n<li>Zesp\u00f3\u0142 nauczycieli \u015bwietlicy &#8211; Teresa Zarzeczna<\/li>\n<\/ul>\n","protected":false},"excerpt":{"rendered":"<p>Zespo\u0142y przedmiotowe w SSP10 w roku szk. 2024\/25 prowadz\u0105: Zesp\u00f3\u0142 edukacji wczesnoszkolnej &#8211; Ma\u0142gorzata Janowska Zesp\u00f3\u0142 humanistyczny &#8211; Renata Skarbecka Zesp\u00f3\u0142 matematyczno-informatyczny &#8211; Weronika Latoch Zesp\u00f3\u0142 j\u0119zyk\u00f3w obcych &#8211; Anna&#8230;<\/p>\n","protected":false},"author":1,"featured_media":0,"parent":0,"menu_order":0,"comment_status":"closed","ping_status":"closed","template":"","meta":[],"_links":{"self":[{"href":"http:\/\/ssp10.pl\/strona\/wp-json\/wp\/v2\/pages\/16475"}],"collection":[{"href":"http:\/\/ssp10.pl\/strona\/wp-json\/wp\/v2\/pages"}],"about":[{"href":"http:\/\/ssp10.pl\/strona\/wp-json\/wp\/v2\/types\/page"}],"author":[{"embeddable":true,"href":"http:\/\/ssp10.pl\/strona\/wp-json\/wp\/v2\/users\/1"}],"replies":[{"embeddable":true,"href":"http:\/\/ssp10.pl\/strona\/wp-json\/wp\/v2\/comments?post=16475"}],"version-history":[{"count":13,"href":"http:\/\/ssp10.pl\/strona\/wp-json\/wp\/v2\/pages\/16475\/revisions"}],"predecessor-version":[{"id":23090,"href":"http:\/\/ssp10.pl\/strona\/wp-json\/wp\/v2\/pages\/16475\/revisions\/23090"}],"wp:attachment":[{"href":"http:\/\/ssp10.pl\/strona\/wp-json\/wp\/v2\/media?parent=16475"}],"curies":[{"name":"wp","href":"https:\/\/api.w.org\/{rel}","templated":true}]}}