{"id":16393,"date":"2021-08-24T10:01:56","date_gmt":"2021-08-24T08:01:56","guid":{"rendered":"http:\/\/ssp10.pl\/strona\/?page_id=16393"},"modified":"2021-08-24T13:27:50","modified_gmt":"2021-08-24T11:27:50","slug":"misja-szkoly","status":"publish","type":"page","link":"http:\/\/ssp10.pl\/strona\/misja-szkoly\/","title":{"rendered":"Misja Szko\u0142y"},"content":{"rendered":"<div>\n<blockquote><p>Przekazujemy uczniom <strong>wiedz\u0119 i\u00a0rozwijamy umiej\u0119tno\u015bci<\/strong>, kt\u00f3re u\u0142atwi\u0105 im dalsz\u0105\u00a0edukacj\u0119 w\u00a0najlepszych plac\u00f3wkach o\u015bwiatowych.<\/p>\n<p>Jednocze\u015bnie kszta\u0142tujemy <strong>uniwersalne postawy i\u00a0wzorce zachowa\u0144<\/strong>, stanowi\u0105ce podstaw\u0119 doros\u0142ego \u017cycia.<\/p>\n<p><strong>Motywacja, konsekwencja i\u00a0wytrwa\u0142o\u015b\u0107<\/strong> to atrybuty naszych uczni\u00f3w. Przygotowujemy<br \/>\nich do efektywnej pracy, jednocze\u015bnie uczymy \u017cycia w\u00a0spo\u0142eczno\u015bci w\u00a0zgodzie z\u00a0zasadami etyki.<\/p>\n<p>Dbamy, by nasi uczniowie opuszczali szko\u0142\u0119 pewni siebie, swoich umiej\u0119tno\u015bci,\u00a0<strong>wiedzy i\u00a0kompetencji spo\u0142ecznych.<\/strong><\/p><\/blockquote>\n<\/div>\n","protected":false},"excerpt":{"rendered":"<p>Przekazujemy uczniom wiedz\u0119 i\u00a0rozwijamy umiej\u0119tno\u015bci, kt\u00f3re u\u0142atwi\u0105 im dalsz\u0105\u00a0edukacj\u0119 w\u00a0najlepszych plac\u00f3wkach o\u015bwiatowych. Jednocze\u015bnie kszta\u0142tujemy uniwersalne postawy i\u00a0wzorce zachowa\u0144, stanowi\u0105ce podstaw\u0119 doros\u0142ego \u017cycia. Motywacja, konsekwencja i\u00a0wytrwa\u0142o\u015b\u0107 to atrybuty naszych uczni\u00f3w. Przygotowujemy&#8230;<\/p>\n","protected":false},"author":1,"featured_media":0,"parent":0,"menu_order":0,"comment_status":"closed","ping_status":"closed","template":"","meta":[],"_links":{"self":[{"href":"http:\/\/ssp10.pl\/strona\/wp-json\/wp\/v2\/pages\/16393"}],"collection":[{"href":"http:\/\/ssp10.pl\/strona\/wp-json\/wp\/v2\/pages"}],"about":[{"href":"http:\/\/ssp10.pl\/strona\/wp-json\/wp\/v2\/types\/page"}],"author":[{"embeddable":true,"href":"http:\/\/ssp10.pl\/strona\/wp-json\/wp\/v2\/users\/1"}],"replies":[{"embeddable":true,"href":"http:\/\/ssp10.pl\/strona\/wp-json\/wp\/v2\/comments?post=16393"}],"version-history":[{"count":3,"href":"http:\/\/ssp10.pl\/strona\/wp-json\/wp\/v2\/pages\/16393\/revisions"}],"predecessor-version":[{"id":16488,"href":"http:\/\/ssp10.pl\/strona\/wp-json\/wp\/v2\/pages\/16393\/revisions\/16488"}],"wp:attachment":[{"href":"http:\/\/ssp10.pl\/strona\/wp-json\/wp\/v2\/media?parent=16393"}],"curies":[{"name":"wp","href":"https:\/\/api.w.org\/{rel}","templated":true}]}}