{"id":16376,"date":"2021-08-24T09:49:51","date_gmt":"2021-08-24T07:49:51","guid":{"rendered":"http:\/\/ssp10.pl\/strona\/?page_id=16376"},"modified":"2026-04-01T08:35:15","modified_gmt":"2026-04-01T06:35:15","slug":"rada-rodzicow","status":"publish","type":"page","link":"http:\/\/ssp10.pl\/strona\/rada-rodzicow\/","title":{"rendered":"Rada Rodzic\u00f3w"},"content":{"rendered":"<h2>Prezydium Rady Rodzic\u00f3w w roku szk. 2025\/2026<\/h2>\n<p>Przewodnicz\u0105ca: Anna Stojw\u0105s<br \/>\nSekretarz: Aleksandra Dziekan<br \/>\nWiceprzewodnicz\u0105cy, Reprezentant klas 1-3: Krzysztof Brewczy\u0144ski<br \/>\nWiceprzewodnicz\u0105ca, Reprezentant klas 4-6: Danuta Konopka-Bogusz<br \/>\nWiceprzewodnicz\u0105ca, Reprezentant klas 7-8: Edyta \u0141opacka-S\u0119czyk<\/p>\n<p>Kontakt: radarodzicow@1027.pl<\/p>\n<p>Regulamin Rady Rodzic\u00f3w dost\u0119pny w dziale <a href=\"https:\/\/ssp10.pl\/strona\/dokumenty-i-druki\/\">Dokumenty i druki<\/a><\/p>\n","protected":false},"excerpt":{"rendered":"<p>Prezydium Rady Rodzic\u00f3w w roku szk. 2025\/2026 Przewodnicz\u0105ca: Anna Stojw\u0105s Sekretarz: Aleksandra Dziekan Wiceprzewodnicz\u0105cy, Reprezentant klas 1-3: Krzysztof Brewczy\u0144ski Wiceprzewodnicz\u0105ca, Reprezentant klas 4-6: Danuta Konopka-Bogusz Wiceprzewodnicz\u0105ca, Reprezentant klas 7-8: Edyta&#8230;<\/p>\n","protected":false},"author":1,"featured_media":0,"parent":0,"menu_order":0,"comment_status":"closed","ping_status":"closed","template":"","meta":[],"_links":{"self":[{"href":"http:\/\/ssp10.pl\/strona\/wp-json\/wp\/v2\/pages\/16376"}],"collection":[{"href":"http:\/\/ssp10.pl\/strona\/wp-json\/wp\/v2\/pages"}],"about":[{"href":"http:\/\/ssp10.pl\/strona\/wp-json\/wp\/v2\/types\/page"}],"author":[{"embeddable":true,"href":"http:\/\/ssp10.pl\/strona\/wp-json\/wp\/v2\/users\/1"}],"replies":[{"embeddable":true,"href":"http:\/\/ssp10.pl\/strona\/wp-json\/wp\/v2\/comments?post=16376"}],"version-history":[{"count":15,"href":"http:\/\/ssp10.pl\/strona\/wp-json\/wp\/v2\/pages\/16376\/revisions"}],"predecessor-version":[{"id":23583,"href":"http:\/\/ssp10.pl\/strona\/wp-json\/wp\/v2\/pages\/16376\/revisions\/23583"}],"wp:attachment":[{"href":"http:\/\/ssp10.pl\/strona\/wp-json\/wp\/v2\/media?parent=16376"}],"curies":[{"name":"wp","href":"https:\/\/api.w.org\/{rel}","templated":true}]}}