{"id":16369,"date":"2021-08-24T09:46:06","date_gmt":"2021-08-24T07:46:06","guid":{"rendered":"http:\/\/ssp10.pl\/strona\/?page_id=16369"},"modified":"2026-02-03T09:44:30","modified_gmt":"2026-02-03T08:44:30","slug":"kadra","status":"publish","type":"page","link":"http:\/\/ssp10.pl\/strona\/kadra\/","title":{"rendered":"Kadra"},"content":{"rendered":"<h3><strong>Dyrekcja Szko\u0142y<\/strong><\/h3>\n<ul>\n<li>Ma\u0142gorzata Janczak-Hulewicz \u2013 dyrektor szko\u0142y<\/li>\n<li>Ewa D\u0105bek \u2013 wicedyrektor szko\u0142y<\/li>\n<li>Halina Wnuk &#8211; wicedyrektor szko\u0142y<\/li>\n<\/ul>\n<h3><strong>Nauczyciele<\/strong><\/h3>\n<ul>\n<li>Ewa D\u0105bek \u2013 nauczyciel j\u0119zyka polskiego<\/li>\n<li>Renata Skarbecka \u2013 nauczyciel j\u0119zyka polskiego<\/li>\n<li>Ma\u0142gorzata Bia\u0142ek &#8211; nauczyciel j\u0119zyka polskiego<\/li>\n<li>Agnieszka Hryciuk \u2013 nauczyciel matematyki<\/li>\n<li>Justyna Kobecka-Marciniak \u2013 nauczyciel matematyki<\/li>\n<li>Anna Pietrzykowska &#8211; nauczyciel matematyki<\/li>\n<li>Ireneusz Dr\u0105szcz \u2013 nauczyciel historii, WOS<\/li>\n<li>Izabela Szajko-Magier \u2013 nauczyciel geografii, przyrody, edukacji zdrowotnej<\/li>\n<li>Ewa Gr\u0105cka \u2013 nauczyciel biologii i&nbsp;chemii<\/li>\n<li>Anna Stawska \u2013 nauczyciel biologii i&nbsp;chemii<\/li>\n<li>Mariusz Kaczmarek \u2013 nauczyciel fizyki<\/li>\n<li>Cezary Wilk \u2013 nauczyciel informatyki<\/li>\n<li>Anna Adamska \u2013 nauczyciel j\u0119zyka angielskiego<\/li>\n<li>Agnieszka Bojarowska \u2013 nauczyciel j\u0119zyka angielskiego<\/li>\n<li>Ma\u0142gorzata Janczak-Hulewicz \u2013 nauczyciel j\u0119zyka angielskiego<\/li>\n<li>Kinga Kutkowska \u2013 nauczyciel j\u0119zyka angielskiego<\/li>\n<li>Anna Sad\u0142o\u0144 \u2013 nauczyciel j\u0119zyka angielskiego<\/li>\n<li>Aleksandra Szczepa\u0144ska\u2013 nauczyciel j\u0119zyka angielskiego<\/li>\n<li>Andrzej Hulewicz \u2013 nauczyciel j\u0119zyka niemieckiego<\/li>\n<li>Karolina D\u0105browska \u2013 nauczyciel j\u0119zyka hiszpa\u0144skiego<\/li>\n<li>Izabela Wola\u0144ska-Zas\u0119pa \u2013 nauczyciel j\u0119zyka hiszpa\u0144skiego<\/li>\n<li>Izabela Bogacz \u2013 nauczyciel edukacji wczesnoszkolnej<\/li>\n<li>Agata Fija\u0142kowska \u2013 nauczyciel edukacji wczesnoszkolnej, logopeda<\/li>\n<li>Ma\u0142gorzata Janowska \u2013 nauczyciel edukacji wczesnoszkolnej<\/li>\n<li>Beata Kopczy\u0144ska \u2013 nauczyciel edukacji wczesnoszkolnej<\/li>\n<li>Ma\u0142gorzata Makowska \u2013 nauczyciel edukacji wczesnoszkolnej i&nbsp;etyki<\/li>\n<li>Katarzyna Ma\u0142a\u015bnicka \u2013 nauczyciel edukacji wczesnoszkolnej<\/li>\n<li>Lidia Rymuszka \u2013 nauczyciel edukacji wczesnoszkolnej, wychowawca \u015bwietlicy<\/li>\n<li>Justyna Obzejta \u2013 nauczyciel muzyki<\/li>\n<li>Monika Zaranowicz \u2013 nauczyciel muzyki<\/li>\n<li>Katarzyna D\u0105browska \u2013 nauczyciel plastyki, techniki i&nbsp;etyki<\/li>\n<li>Anna Wocial \u2013 nauczyciel plastyki i&nbsp;robotyki<\/li>\n<li>Monika Michta \u2013 nauczyciel informatyki i&nbsp;robotyki, wychowawca \u015bwietlicy<\/li>\n<li>Aleksandra Kisiel \u2013 nauczyciel wychowania fizycznego<\/li>\n<li>Mariusz Kisiel \u2013 nauczyciel wychowania fizycznego<\/li>\n<li>Grzegorz Opieka \u2013 nauczyciel wychowania fizycznego<\/li>\n<li>Izabela Pyra \u2013 nauczyciel wychowania fizycznego<\/li>\n<li>Ma\u0142gorzata Woli\u0144ska \u2013 nauczyciel wychowania fizycznego, wychowawca \u015bwietlicy<\/li>\n<li>Edyta Fra\u0144czuk \u2013 nauczyciel religii<\/li>\n<li>Irena Drynkowska \u2013 edukacja dla bezpiecze\u0144stwa<\/li>\n<li>Rados\u0142awa Kompowska-Marek \u2013 doradztwo zawodowe<\/li>\n<li>Ewa Korczakowska \u2013 bibliotekarz<\/li>\n<li>Teresa Zarzeczna \u2013 wychowawca \u015bwietlicy, kierownik \u015bwietlicy<\/li>\n<li>Agnieszka Kowalczyk \u2013 psycholog<\/li>\n<li>Anna \u017bo\u0142\u0119dowska \u2013 psycholog<\/li>\n<li>Mariusz Borcz \u2013 pedagog szkolny<\/li>\n<li>Sara Ludwig \u2013 pedagog specjalny, nauczyciel wspomagaj\u0105cy<\/li>\n<li>Karolina Wojda \u2013 nauczyciel wspomagaj\u0105cy<\/li>\n<li>Halina Wnuk \u2013 terapeuta pedagogiczny<\/li>\n<\/ul>\n","protected":false},"excerpt":{"rendered":"<p>Dyrekcja Szko\u0142y Ma\u0142gorzata Janczak-Hulewicz \u2013 dyrektor szko\u0142y Ewa D\u0105bek \u2013 wicedyrektor szko\u0142y Halina Wnuk &#8211; wicedyrektor szko\u0142y Nauczyciele Ewa D\u0105bek \u2013 nauczyciel j\u0119zyka polskiego Renata Skarbecka \u2013 nauczyciel j\u0119zyka polskiego&#8230;<\/p>\n","protected":false},"author":1,"featured_media":0,"parent":0,"menu_order":0,"comment_status":"closed","ping_status":"closed","template":"","meta":[],"_links":{"self":[{"href":"http:\/\/ssp10.pl\/strona\/wp-json\/wp\/v2\/pages\/16369"}],"collection":[{"href":"http:\/\/ssp10.pl\/strona\/wp-json\/wp\/v2\/pages"}],"about":[{"href":"http:\/\/ssp10.pl\/strona\/wp-json\/wp\/v2\/types\/page"}],"author":[{"embeddable":true,"href":"http:\/\/ssp10.pl\/strona\/wp-json\/wp\/v2\/users\/1"}],"replies":[{"embeddable":true,"href":"http:\/\/ssp10.pl\/strona\/wp-json\/wp\/v2\/comments?post=16369"}],"version-history":[{"count":46,"href":"http:\/\/ssp10.pl\/strona\/wp-json\/wp\/v2\/pages\/16369\/revisions"}],"predecessor-version":[{"id":23522,"href":"http:\/\/ssp10.pl\/strona\/wp-json\/wp\/v2\/pages\/16369\/revisions\/23522"}],"wp:attachment":[{"href":"http:\/\/ssp10.pl\/strona\/wp-json\/wp\/v2\/media?parent=16369"}],"curies":[{"name":"wp","href":"https:\/\/api.w.org\/{rel}","templated":true}]}}