{"id":16345,"date":"2021-08-23T20:55:39","date_gmt":"2021-08-23T18:55:39","guid":{"rendered":"http:\/\/ssp10.pl\/strona\/?page_id=16345"},"modified":"2026-04-17T11:23:50","modified_gmt":"2026-04-17T09:23:50","slug":"dokumenty-i-druki","status":"publish","type":"page","link":"http:\/\/ssp10.pl\/strona\/dokumenty-i-druki\/","title":{"rendered":"Dokumenty i druki"},"content":{"rendered":"\n<p>&nbsp;<\/p>\r\n<div>\r\n<p><a href=\"http:\/\/ssp10.pl\/strona\/wp-content\/uploads\/2025\/10\/Statut-Spolecznej-Szkoly-Podstawowej-nr-10-STO.pdf\">Statut Spo\u0142ecznej Szko\u0142y Podstawowej nr 10 STO<\/a><\/p>\r\n<p><strong>REKRUTACJA<\/strong><\/p>\r\n<ul>\r\n<li><a href=\"http:\/\/ssp10.pl\/strona\/wp-content\/uploads\/2025\/11\/Kwestionariusz_Kandydata_do_kl_1-a.pdf\">Kwestionariusz Kandydata do klasy 1 (Druk)<\/a><\/li>\r\n<li><a href=\"http:\/\/ssp10.pl\/strona\/wp-content\/uploads\/Dokumenty\/DRUKI\/Kwestionariusz_Kandydata_rekrutacja_uzup-a.pdf\" target=\"_blank\" rel=\"noopener\">Kwestionariusz Kandydata &#8211; rekrutacja uzupe\u0142niaj\u0105ca do klas 1-8 (Druk)<\/a><\/li>\r\n<\/ul>\r\n<strong>SZCZEG\u00d3\u0141OWE WARUNKI I SPOS\u00d3B OCENIANIA WEWN\u0104TRZSZKOLNEGO (w opracowaniu)<\/strong><\/div>\r\n<p><br \/>&#8212;<\/p>\r\n<p>\n\n\n\n<\/p>\r\n<p>&nbsp;<\/p>\r\n<p>\n\n\n\n<\/p>\r\n<p>&nbsp;<\/p>\r\n<p>\n\n\n\n<\/p>\r\n<div>\r\n<p><strong>BEZPIECZE\u0143STWO<\/strong><\/p>\r\n<ul>\r\n<li><a href=\"http:\/\/ssp10.pl\/strona\/wp-content\/uploads\/Dokumenty\/BEZPIECZENSTWO\/Procedury_bezpieczenstwa_2023-2024.pdf\" target=\"_blank\" rel=\"noopener\">Procedury bezpiecze\u0144stwa<\/a><\/li>\r\n<li><a href=\"http:\/\/ssp10.pl\/strona\/wp-content\/uploads\/Dokumenty\/BEZPIECZENSTWO\/PROCEDURA_EWAKUACJI.pdf\" target=\"_blank\" rel=\"noopener\">Procedura ewakuacji<\/a><\/li>\r\n<li><a href=\"http:\/\/ssp10.pl\/strona\/wp-content\/uploads\/Dokumenty\/PROCEDURY-COVID\/Wewnetrzne-procedury-bezpieczenstwa-w-okresie-pandemii-COVID-v02.pdf\" target=\"_blank\" rel=\"noopener\">Procedury COVID<\/a><\/li>\r\n<\/ul>\r\n<p><a href=\"http:\/\/ssp10.pl\/strona\/wp-content\/uploads\/Dokumenty\/PROCEDURA_UDZIEL-I-ORGANIZ_POMOCY_PP\/PROCEDURA-ORGANIZOWANIA-UDZIELANIA-POMOCY-PP-20240912.pdf\" target=\"_blank\" rel=\"noopener\">Procedura organizowania i udzielania pomocy psychologiczno-pedagogicznej<\/a><\/p>\r\n<\/div>\r\n<p>\n\n\n\n<\/p>\r\n<div>\r\n<p><a href=\"https:\/\/ssp10.pl\/strona\/wp-content\/uploads\/Dokumenty\/Standardy_ochrony_maloletnich\/Standardy-ochrony-maloletnich-w-SSP-10-STO.pdf\" target=\"_blank\" rel=\"noopener\">Standardy ochrony ma\u0142oletnich w SSP 10 STO<\/a><\/p>\r\n<\/div>\r\n<p>\n\n\n\n<\/p>\r\n<div>\r\n<p><a href=\"http:\/\/ssp10.pl\/strona\/wp-content\/uploads\/2025\/10\/Standardy-ochrony-maloletnich-w-SSP-10-STO-wersja-dla-dzieci.pdf\">Standardy ochrony ma\u0142oletnich w SSP 10 STO (wersja dla dzieci)<\/a><\/p>\r\n<\/div>\r\n<p>\n\n\n\n<\/p>\r\n<div>\r\n<p><a href=\"http:\/\/ssp10.pl\/strona\/wp-content\/uploads\/2026\/04\/ProgramWych-Prof2025.262.docx\" target=\"_blank\" rel=\"noopener\">Program wychowawczo-profilaktyczny<\/a><\/p>\r\n<\/div>\r\n<p>\n\n\n\n<\/p>\r\n<div>\r\n<p><a href=\"http:\/\/ssp10.pl\/strona\/wp-content\/uploads\/Dokumenty\/zasady-komunikacji\/ZASADY_KOMUNIKACJI_W%20SSP_10.pdf\" target=\"_blank\" rel=\"noopener\">Zasady komunikacji w SSP10<\/a><\/p>\r\n<\/div>\r\n<p>\n\n\n\n<\/p>\r\n<div>\r\n<p><a href=\"http:\/\/ssp10.pl\/strona\/wp-content\/uploads\/Dokumenty\/REGULAMIN-PRACY-ZDALNEJ\/Regulamin-pracy-i-ochrony-danych-przy-nauczaniu-zdalnym.pdf\" target=\"_blank\" rel=\"noopener\">Regulamin pracy i ochrony danych przy nauczaniu zdalnym<\/a><\/p>\r\n<\/div>\r\n<p>\n\n\n\n<\/p>\r\n<div>\r\n<p><a href=\"http:\/\/ssp10.pl\/strona\/wp-content\/uploads\/Dokumenty\/WOLONTARIAT\/regulamin-wolontariatu_SSP10_20240925.pdf\" target=\"_blank\" rel=\"noopener\">Regulamin Szkolnego Klubu Wolontariatu oSTOja<\/a><\/p>\r\n<\/div>\r\n<p>\n\n\n\n<\/p>\r\n<div>\r\n<p><a href=\"http:\/\/ssp10.pl\/strona\/wp-content\/uploads\/dokumenty\/regulamin-wycieczki\/Regulamin_wycieczek_szkolnych_0925.pdf\" target=\"_blank\" rel=\"noreferrer noopener\">Regulamin wycieczek szkolnych<\/a><\/p>\r\n<\/div>\r\n<p>\n\n\n\n<\/p>\r\n<div>\r\n<p><a href=\"http:\/\/ssp10.pl\/strona\/wp-content\/uploads\/dokumenty\/RR\/NOWY_REGULAMIN_RADY_RODZICOW_ZMIANY_2019_10_08.pdf\" target=\"_blank\" rel=\"noopener\">Regulamin Rady Rodzic\u00f3w<\/a><\/p>\r\n<\/div>\r\n<p>\n\n\n\n<\/p>\r\n<div>\r\n<p><a href=\"\/strona\/wp-content\/uploads\/Dokumenty\/Karta-Rowerowa\/REGULAMIN-I-PROCEDURA-UZYSKANIA-KARTY-ROWEROWEJ.pdf\" target=\"_blank\" rel=\"noopener\">Regulamin i procedura uzyskania karty rowerowej<\/a><\/p>\r\n<a href=\"http:\/\/ssp10.pl\/strona\/wp-content\/uploads\/Dokumenty\/BOISKO\/Regulamin_korzystania_z_boiska_szkolnego.pdf\" target=\"_blank\" rel=\"noreferrer noopener\">Regulamin korzystania z boiska szkolnego<\/a><\/div>\r\n<p>\n\n\n\n<\/p>\r\n<p><a href=\"http:\/\/ssp10.pl\/strona\/wp-content\/uploads\/Dokumenty\/PLAC_ZABAW\/Regulamin_korzystania_z%20_placu_zabaw.pdf\" target=\"_blank\" rel=\"noreferrer noopener\">Regulamin korzystania z placu zabaw<\/a><\/p>\r\n<p>\n\n\n\n<\/p>\r\n<p><a href=\"http:\/\/ssp10.pl\/strona\/wp-content\/uploads\/2025\/09\/Regulamin-korzystania-z-posilku-w-formie-cateringu-i-Regulamin-stolowki-szkolnej.pdf\">Regulamin korzystania z posi\u0142ku w formie cateringu i Regulamin sto\u0142\u00f3wki szkolnej<\/a><\/p>\r\n<p>\n\n\n\n<\/p>\r\n<div>\r\n<p><a href=\"http:\/\/ssp10.pl\/strona\/wp-content\/uploads\/DO_POBRANIA\/BUDZET_PART\/REGULAMIN_BUDZETU_PART_ssp10_2024_25.pdf\" target=\"_blank\" rel=\"noopener\">Regulamin Bud\u017cetu Partycypacyjnego SSP10<\/a><\/p>\r\n<p><a href=\"http:\/\/ssp10.pl\/strona\/wp-content\/uploads\/DO_POBRANIA\/BUDZET_PART\/Zalacznik_do_REGULAMINU_BUDZETU_PART_ssp10_2024_25.docx\" target=\"_blank\" rel=\"noopener\">Za\u0142\u0105cznik do Regulaminu bud\u017cetu partycypacyjnego (plik word)<\/a><\/p>\r\n<\/div>\r\n<p>\n\n\n\n<\/p>\r\n<p><a href=\"https:\/\/sto.org.pl\/wnioski-o-stypendia-2023\/\" target=\"_blank\" rel=\"noreferrer noopener\">Stypendium socjalne STO<\/a><\/p>\r\n<p>\n\n\n\n<\/p>\r\n<p><a href=\"http:\/\/ssp10.pl\/strona\/wp-content\/uploads\/Dokumenty\/DRUKI\/wniosek_wyd_opinii_o_funkcjonowaniu.pdf\" target=\"_blank\" rel=\"noreferrer noopener\">Wniosek o\u00a0wydanie opinii o\u00a0funkcjonowaniu ucznia (druk)<\/a><\/p>\r\n<p>\n\n\n\n<\/p>\r\n<p><a href=\"http:\/\/ssp10.pl\/strona\/wp-content\/uploads\/2025\/09\/deklaracja-religia-etyka.pdf\" target=\"_blank\" rel=\"noreferrer noopener\">Deklaracja dotycz\u0105ca woli uczestnictwa w\u00a0zaj\u0119ciach religii lub etyki (Druk)<\/a><\/p>\r\n<p>\n\n\n\n<\/p>\r\n<p><a href=\"http:\/\/ssp10.pl\/strona\/wp-content\/uploads\/Dokumenty\/DRUKI\/karta_zapisu_swietlica.pdf\" target=\"_blank\" rel=\"noreferrer noopener\">Karta zapisu do\u00a0\u015bwietlicy (Druk)<\/a><\/p>\r\n<p>\n\n\n\n<\/p>\r\n<p><a href=\"http:\/\/ssp10.pl\/strona\/wp-content\/uploads\/Dokumenty\/DRUKI\/zwolnienie_WF-druk.pdf\" target=\"_blank\" rel=\"noreferrer noopener\">Zwolnienie z zaj\u0119\u0107 WF (Druk)<\/a><\/p>\r\n<p>\n\n\n\n<\/p>\r\n<p><a href=\"http:\/\/ssp10.pl\/strona\/wp-content\/uploads\/2025\/09\/w-sprawie-upowaznienia-do-odbioru-Dziecka-ze-Szkoly.pdf\">O\u015bwiadczenie w sprawie upowa\u017cnienia do odbioru Dziecka ze Szko\u0142y<br \/><\/a><a href=\"http:\/\/ssp10.pl\/strona\/wp-content\/uploads\/2025\/09\/w-sprawie-wyrazenia-zgody-na-opuszczenie-budynku-Szkoly-przez-Dziecko.pdf\">O\u015bwiadczenie w sprawie wyra\u017cenia zgody na opuszczenie budynku Szko\u0142y przez Dziecko pod opiek\u0105 rodze\u0144stwa<br \/><\/a><a href=\"http:\/\/ssp10.pl\/strona\/wp-content\/uploads\/2025\/09\/w-sprawie-wyrazenia-zgody-na-samodzielne-opuszczenie-budynku-Szkoly-.pdf\">O\u015bwiadczenie w sprawie wyra\u017cenia zgody na samodzielne opuszczenie budynku Szko\u0142y przez Dziecko<br \/><\/a><a href=\"http:\/\/ssp10.pl\/strona\/wp-content\/uploads\/2025\/09\/w-sprawie-wyrazenia-zgody-na-przetwarzanie-wizerunku-.pdf\">O\u015bwiadczenie w sprawie wyra\u017cenia zgody na przetwarzanie wizerunku<\/a><\/p>\r\n<p>\n\n\n\n<\/p>\r\n<div><a href=\"http:\/\/www.sto.org.pl\/czlonkostwo\" target=\"_blank\" rel=\"noopener\">Deklaracja cz\u0142onkowska STO (strona STO)<\/a><\/div>\r\n<p>\n\n\n\n<\/p>\r\n<p>\n\n\n<p><\/p>\n<p>&nbsp;<\/p>\n<p>&nbsp;<\/p>\n<p>&nbsp;<\/p>\n<div>\n<p><a href=\"http:\/\/ssp10.pl\/strona\/wp-content\/uploads\/Dokumenty\/ZARZAD\/Uchwa\u0142a_w_sprawie_wykresl_z_listy_zaj_dod_.pdf\" target=\"_blank\" rel=\"noopener\">Uchwa\u0142a w sprawie wykre\u015blenia z listy uczestnik\u00f3w zaj\u0119\u0107 dodatkowych ucznia zalegaj\u0105cego z p\u0142atno\u015bciami<\/a><\/p>\n<p><a href=\"http:\/\/ssp10.pl\/strona\/wp-content\/uploads\/Dokumenty\/ZARZAD\/Uchwala-wpisowe-20.03.2024.pdf\" target=\"_blank\" rel=\"noopener\">Uchwa\u0142a w sprawie wysoko\u015bci wpisowego od 01.09.2024<\/a><\/p>\n<\/div>","protected":false},"excerpt":{"rendered":"<p>&nbsp; Statut Spo\u0142ecznej Szko\u0142y Podstawowej nr 10 STO REKRUTACJA Kwestionariusz Kandydata do klasy 1 (Druk) Kwestionariusz Kandydata &#8211; rekrutacja uzupe\u0142niaj\u0105ca do klas 1-8 (Druk) SZCZEG\u00d3\u0141OWE WARUNKI I SPOS\u00d3B OCENIANIA WEWN\u0104TRZSZKOLNEGO&#8230;<\/p>\n","protected":false},"author":1,"featured_media":0,"parent":0,"menu_order":0,"comment_status":"closed","ping_status":"closed","template":"","meta":[],"_links":{"self":[{"href":"http:\/\/ssp10.pl\/strona\/wp-json\/wp\/v2\/pages\/16345"}],"collection":[{"href":"http:\/\/ssp10.pl\/strona\/wp-json\/wp\/v2\/pages"}],"about":[{"href":"http:\/\/ssp10.pl\/strona\/wp-json\/wp\/v2\/types\/page"}],"author":[{"embeddable":true,"href":"http:\/\/ssp10.pl\/strona\/wp-json\/wp\/v2\/users\/1"}],"replies":[{"embeddable":true,"href":"http:\/\/ssp10.pl\/strona\/wp-json\/wp\/v2\/comments?post=16345"}],"version-history":[{"count":154,"href":"http:\/\/ssp10.pl\/strona\/wp-json\/wp\/v2\/pages\/16345\/revisions"}],"predecessor-version":[{"id":23592,"href":"http:\/\/ssp10.pl\/strona\/wp-json\/wp\/v2\/pages\/16345\/revisions\/23592"}],"wp:attachment":[{"href":"http:\/\/ssp10.pl\/strona\/wp-json\/wp\/v2\/media?parent=16345"}],"curies":[{"name":"wp","href":"https:\/\/api.w.org\/{rel}","templated":true}]}}