{"id":16340,"date":"2021-08-23T20:40:24","date_gmt":"2021-08-23T18:40:24","guid":{"rendered":"http:\/\/ssp10.pl\/strona\/?page_id=16340"},"modified":"2026-03-27T09:26:50","modified_gmt":"2026-03-27T08:26:50","slug":"swietlica","status":"publish","type":"page","link":"http:\/\/ssp10.pl\/strona\/swietlica\/","title":{"rendered":"\u015awietlica 2025\/26"},"content":{"rendered":"\n<p>Zaj\u0119cia w \u015bwietlicy szkolnej odbywaj\u0105 si\u0119 popo\u0142udniami, po zako\u0144czonych lekcjach do godziny 18.00. Realizacja dzia\u0142a\u0144 odbywa si\u0119 w oparciu o roczny plan pracy wychowawc\u00f3w zgodnie z Programem Wychowawczo-Profilaktycznym naszej szko\u0142y oraz o Regulamin Pobytu Uczni\u00f3w w \u015awietlicy.<\/p>\n\n\n\n<p>Do zada\u0144 \u015bwietlicy nale\u017cy:<\/p>\n\n\n\n<ul>\n<li>zapewnienie odpoczynku po lekcjach<\/li>\n\n\n\n<li>organizowanie gier i zabaw ruchowych<\/li>\n\n\n\n<li>rozwijanie zainteresowa\u0144<\/li>\n\n\n\n<li>organizowanie pomocy w nauce<\/li>\n\n\n\n<li>zach\u0119canie do artystycznej tw\u00f3rczo\u015bci<\/li>\n\n\n\n<li>kszta\u0142towanie nawyk\u00f3w higieny i kultury \u017cycia codziennego<\/li>\n\n\n\n<li>wsp\u00f3\u0142dzia\u0142anie z rodzicami i nauczycielami uczni\u00f3w korzystaj\u0105cych ze \u015bwietlicy.<\/li>\n<\/ul>\n\n\n\n<p>Nauczyciele-wychowawcy w roku szkolnym 2025\/2026:<\/p>\n\n\n\n<ul>\n<li>Lidia Rymuszka \u2013 klasy 1a, 1b,<\/li>\n\n\n\n<li>Teresa Zarzeczna i Izabela Bogacz \u2013 klasy 2a, 2b, 2c,<\/li>\n\n\n\n<li>Ma\u0142gorzata Woli\u0144ska \u2013 &nbsp;klasy 3a, 3b,<\/li>\n\n\n\n<li>Monika Michta \u2013 klasy 4a, 4b, 5a, 5b.<\/li>\n<\/ul>\n\n\n\n<p>W naszej \u015bwietlicy wychowawcy dbaj\u0105 o bezpiecze\u0144stwo swoich podopiecznych, higien\u0119 i staraj\u0105 si\u0119 zapewni\u0107 przyjazn\u0105 atmosfer\u0119. Dzieci po sze\u015bciu, siedmiu lekcjach cz\u0119sto s\u0105 bardzo zm\u0119czone i maj\u0105 ochot\u0119 g\u0142\u00f3wnie na odpoczynek lub zabaw\u0119. Nie zmuszamy ich do dodatkowych zaj\u0119\u0107, a raczej zach\u0119camy tak jak w przypadku prac plastycznych, w kt\u00f3rych udzia\u0142 jest dobrowolny. Najwa\u017cniejsze dla wychowawc\u00f3w jest to, \u017ceby dzieci ch\u0119tnie przychodzi\u0142y do \u015bwietlicy, bawi\u0142y si\u0119, uczy\u0142y, nawi\u0105zywa\u0142y i utrzymywa\u0142y kole\u017ce\u0144skie relacje w grupie swoich r\u00f3wie\u015bnik\u00f3w oraz zdobywa\u0142y umiej\u0119tno\u015bci dobrej komunikacji i wsp\u00f3\u0142pracy. W razie k\u0142opot\u00f3w czy problem\u00f3w uczniowie mog\u0105 liczy\u0107 na pomoc i wsparcie os\u00f3b doros\u0142ych.<\/p>\n\n\n\n<p>Og\u00f3lny harmonogram zaj\u0119\u0107 w \u015bwietlicy:<\/p>\n\n\n\n<p>13.00 &#8211; 16.00<\/p>\n\n\n\n<p>Bezpo\u015brednio po lekcjach uczniowie maj\u0105 1- 2 godziny na odpoczynek. Przy sprzyjaj\u0105cej pogodzie wychodzimy na dw\u00f3r. Mamy do dyspozycji plac zabaw, boisko, teren przed szko\u0142\u0105. Dzi\u0119ki temu unikamy gromadzenia si\u0119 dzieci w jednym miejscu.<\/p>\n\n\n\n<p>16.00 \u2013 17.00<\/p>\n\n\n\n<p>Odrabianie pracy domowej. Rodzice na pocz\u0105tku roku szkolnego deklaruj\u0105 w Kartach \u015awietlicy czy ich dzieci odrabiaj\u0105 lekcje w szkole czy w domu. Wychowawcy w miar\u0119 mo\u017cliwo\u015bci organizuj\u0105 warunki i mobilizuj\u0105 uczni\u00f3w do wywi\u0105zania si\u0119 z tego zadania.<\/p>\n\n\n\n<p>17.00 \u2013 18.00<\/p>\n\n\n\n<p>Zaj\u0119cia na dworze \/ zabawy w salach.<\/p>\n\n\n\n<p>Op\u0142ata za \u015bwietlic\u0119 w dziale <a href=\"https:\/\/ssp10.pl\/strona\/oplaty\/\">Op\u0142aty Czesne Wpisowe<\/a><\/p>\n","protected":false},"excerpt":{"rendered":"<p>Zaj\u0119cia w \u015bwietlicy szkolnej odbywaj\u0105 si\u0119 popo\u0142udniami, po zako\u0144czonych lekcjach do godziny 18.00. Realizacja dzia\u0142a\u0144 odbywa si\u0119 w oparciu o roczny plan pracy wychowawc\u00f3w zgodnie z Programem Wychowawczo-Profilaktycznym naszej szko\u0142y&#8230;<\/p>\n","protected":false},"author":1,"featured_media":0,"parent":0,"menu_order":0,"comment_status":"closed","ping_status":"closed","template":"","meta":[],"_links":{"self":[{"href":"http:\/\/ssp10.pl\/strona\/wp-json\/wp\/v2\/pages\/16340"}],"collection":[{"href":"http:\/\/ssp10.pl\/strona\/wp-json\/wp\/v2\/pages"}],"about":[{"href":"http:\/\/ssp10.pl\/strona\/wp-json\/wp\/v2\/types\/page"}],"author":[{"embeddable":true,"href":"http:\/\/ssp10.pl\/strona\/wp-json\/wp\/v2\/users\/1"}],"replies":[{"embeddable":true,"href":"http:\/\/ssp10.pl\/strona\/wp-json\/wp\/v2\/comments?post=16340"}],"version-history":[{"count":18,"href":"http:\/\/ssp10.pl\/strona\/wp-json\/wp\/v2\/pages\/16340\/revisions"}],"predecessor-version":[{"id":23582,"href":"http:\/\/ssp10.pl\/strona\/wp-json\/wp\/v2\/pages\/16340\/revisions\/23582"}],"wp:attachment":[{"href":"http:\/\/ssp10.pl\/strona\/wp-json\/wp\/v2\/media?parent=16340"}],"curies":[{"name":"wp","href":"https:\/\/api.w.org\/{rel}","templated":true}]}}